{"id":74,"date":"2018-11-17T16:01:57","date_gmt":"2018-11-17T15:01:57","guid":{"rendered":"https:\/\/press.no\/organisasjonersomfunker\/?page_id=74"},"modified":"2019-04-02T13:55:22","modified_gmt":"2019-04-02T11:55:22","slug":"om-prosjektet","status":"publish","type":"page","link":"https:\/\/press.no\/organisasjonersomfunker\/om-prosjektet\/","title":{"rendered":"Om prosjektet"},"content":{"rendered":"<h2><b>Inkludering for oss alle <\/b><\/h2>\n<p><span style=\"font-weight: 400;\">Inkludering er ikke et eget punkt i listen over ting som m\u00e5 gj\u00f8res. Tanken om inkludering skal v\u00e6re med oss i alt vi gj\u00f8r. \u00c5 gj\u00f8re en organisasjon mer tilgjengelig for alle handler om hvordan man jobber i det daglige. <\/span><\/p>\n<p>&nbsp;<\/p>\n<p><span style=\"font-weight: 400;\">Hensikten med inkludering er \u00e5 sammen kunne skape en organisasjon\/arena der organisasjonens m\u00e5lgruppe\/medlemsgruppe uavhengig av etnisitet, religion, seksualitet, \u00a0eller nedsatt funksjonsevne har mulighet til \u00e5 delta og p\u00e5virke p\u00e5 likt grunnlag. Dette er for \u00e5 skape en organisasjon uten et \u201coss og dem\u201d men sterkt \u201cvi\u201d som st\u00e5r samlet om samme sak. <\/span><\/p>\n<p>&nbsp;<\/p>\n<p><span style=\"font-weight: 400;\">Denne nettsiden inneholder prim\u00e6rt tips til hvordan man kan tilrettelegge<\/span>\u00a0for barn og unge med funksjonsnedsettelse. Det er viktig \u00e5 p\u00e5peke at nettsiden ikke er 100% utfyllende og at den heller ikke er ment som en fasit. Fasiten ligger hos den enkelte og hva hen mener er best. Det viktigste for inkludering er \u00e5 v\u00e6re im\u00f8tekommende og villig til \u00e5 tilrettelegge.<\/p>\n<p>&nbsp;<\/p>\n<p>Vi har ogs\u00e5 laget en brosjyre som en smakebit p\u00e5 hva du finner p\u00e5 denne nettsiden:<\/p>\n<p>&nbsp;<\/p>\n<p><a href=\"http:\/\/54.93.60.137.xip.io\/organisasjonersomfunker\/wp-content\/uploads\/sites\/5\/2018\/11\/Orginisasjoner-som-funker-PDF-A5-2.pdf\">Orginisasjoner som funker &#8211; brosjyre<\/a><\/p>\n","protected":false},"excerpt":{"rendered":"<p>Inkludering for oss alle Inkludering er ikke et eget punkt i listen over ting som m\u00e5 gj\u00f8res. Tanken om inkludering skal v\u00e6re med oss i alt vi gj\u00f8r. \u00c5 gj\u00f8re en organisasjon mer tilgjengelig for alle handler om hvordan man jobber i det daglige. &nbsp; Hensikten med inkludering er \u00e5 sammen kunne skape en organisasjon\/arena [&hellip;]<\/p>\n","protected":false},"author":1,"featured_media":0,"parent":0,"menu_order":0,"comment_status":"closed","ping_status":"closed","template":"","meta":{"footnotes":""},"acf":[],"_links":{"self":[{"href":"https:\/\/press.no\/organisasjonersomfunker\/wp-json\/wp\/v2\/pages\/74"}],"collection":[{"href":"https:\/\/press.no\/organisasjonersomfunker\/wp-json\/wp\/v2\/pages"}],"about":[{"href":"https:\/\/press.no\/organisasjonersomfunker\/wp-json\/wp\/v2\/types\/page"}],"author":[{"embeddable":true,"href":"https:\/\/press.no\/organisasjonersomfunker\/wp-json\/wp\/v2\/users\/1"}],"replies":[{"embeddable":true,"href":"https:\/\/press.no\/organisasjonersomfunker\/wp-json\/wp\/v2\/comments?post=74"}],"version-history":[{"count":21,"href":"https:\/\/press.no\/organisasjonersomfunker\/wp-json\/wp\/v2\/pages\/74\/revisions"}],"predecessor-version":[{"id":325,"href":"https:\/\/press.no\/organisasjonersomfunker\/wp-json\/wp\/v2\/pages\/74\/revisions\/325"}],"wp:attachment":[{"href":"https:\/\/press.no\/organisasjonersomfunker\/wp-json\/wp\/v2\/media?parent=74"}],"curies":[{"name":"wp","href":"https:\/\/api.w.org\/{rel}","templated":true}]}}