{"id":3596,"date":"2024-04-12T08:56:12","date_gmt":"2024-04-12T06:56:12","guid":{"rendered":"https:\/\/press.no\/internside\/?page_id=3596"},"modified":"2026-04-17T14:41:16","modified_gmt":"2026-04-17T12:41:16","slug":"landsmotet","status":"publish","type":"page","link":"https:\/\/press.no\/internside\/landsmotet\/","title":{"rendered":"Landsm\u00f8tet ressursside"},"content":{"rendered":"<p><div class=\"fusion-fullwidth fullwidth-box fusion-builder-row-1 nonhundred-percent-fullwidth non-hundred-percent-height-scrolling\" style=\"background-color: #ffffff;background-position: center center;background-repeat: no-repeat;padding-top:0px;padding-right:0px;padding-bottom:0px;padding-left:0px;margin-bottom: 0px;margin-top: 0px;border-width: 0px 0px 0px 0px;border-color:#eae9e9;border-style:solid;\" ><div class=\"fusion-builder-row fusion-row\"><div class=\"fusion-layout-column fusion_builder_column fusion-builder-column-0 fusion_builder_column_1_1 1_1 fusion-one-full fusion-column-first fusion-column-last\" style=\"margin-top:0px;margin-bottom:0px;\"><div class=\"fusion-column-wrapper fusion-flex-column-wrapper-legacy\" style=\"background-position:left top;background-repeat:no-repeat;-webkit-background-size:cover;-moz-background-size:cover;-o-background-size:cover;background-size:cover;padding: 0px 0px 0px 0px;\"><style type=\"text\/css\">.fusion-breadcrumbs.fusion-breadcrumbs-1{font-size:10px;}.fusion-breadcrumbs.fusion-breadcrumbs-1 span a:hover{color:#333333 !important;}.fusion-breadcrumbs.fusion-breadcrumbs-1{color:#333333;}.fusion-breadcrumbs.fusion-breadcrumbs-1 a{color:#333333;}<\/style><div class=\"fusion-breadcrumbs fusion-breadcrumbs-1\"><span class=\"fusion-breadcrumb-item\"><a href=\"https:\/\/press.no\/internside\" class=\"fusion-breadcrumb-link\"><span >Home<\/span><\/a><\/span><span class=\"fusion-breadcrumb-sep\">\/<\/span><\/div><div class=\"fusion-sep-clear\"><\/div><div class=\"fusion-separator fusion-full-width-sep\" style=\"margin-left: auto;margin-right: auto;margin-top:30px;width:100%;\"><\/div><div class=\"fusion-sep-clear\"><\/div><span class=\" fusion-imageframe imageframe-none imageframe-1 hover-type-none\"><img decoding=\"async\" width=\"3966\" image_height=\"1116\" image_id=\"831\" title=\"Politikk\" src=\"data:image\/svg+xml,%3Csvg%20xmlns%3D%27http%3A%2F%2Fwww.w3.org%2F2000%2Fsvg%27%20width%3D%273966%27%20height%3D%271116%27%20viewBox%3D%270%200%203966%201116%27%3E%3Crect%20width%3D%273966%27%20height%3D%2731116%27%20fill-opacity%3D%220%22%2F%3E%3C%2Fsvg%3E\" data-orig-src=\"https:\/\/press.no\/internside\/wp-content\/uploads\/sites\/6\/2020\/09\/Politikk-1.jpg\" class=\"lazyload img-responsive wp-image-831\"\/><\/span><style type=\"text\/css\"><\/style><div class=\"fusion-title title fusion-title-1 fusion-sep-none fusion-title-center fusion-title-text fusion-title-size-two\" style=\"margin-top:35px;margin-bottom:31px;\"><h2 class=\"title-heading-center\" style=\"margin:0;\"><span style=\"font-weight: 400;\">Landsm\u00f8tet 2026<\/span><\/h2><\/div><div class=\"fusion-sep-clear\"><\/div><div class=\"fusion-separator fusion-has-icon fusion-full-width-sep\" style=\"margin-left: auto;margin-right: auto;margin-top:-20px;margin-bottom:15px;width:100%;\"><div class=\"fusion-separator-border sep-single sep-solid\" style=\"border-color:#47a1b3;border-top-width:1px;\"><\/div><span class=\"icon-wrapper\" style=\"border-color:transparent;font-size:19px;width: 1.75em; height: 1.75em;border-width:1px;padding:1px;margin-top:-0.5px\"><i class=\"fa-laptop fas\" style=\"font-size: inherit;color:#47a1b3;\" aria-hidden=\"true\"><\/i><\/span><div class=\"fusion-separator-border sep-single sep-solid\" style=\"border-color:#47a1b3;border-top-width:1px;\"><\/div><\/div><div class=\"fusion-sep-clear\"><\/div><div class=\"fusion-text fusion-text-1\"><\/div><div class=\"fusion-clearfix\"><\/div><\/div><\/div><\/div><\/div><div class=\"fusion-fullwidth fullwidth-box fusion-builder-row-2 fusion-flex-container nonhundred-percent-fullwidth non-hundred-percent-height-scrolling\" style=\"background-color: #ffffff;background-position: center center;background-repeat: no-repeat;border-width: 0px 0px 0px 0px;border-color:#eae9e9;border-style:solid;\" ><div class=\"fusion-builder-row fusion-row fusion-flex-align-items-flex-start\" style=\"max-width:1248px;margin-left: calc(-4% \/ 2 );margin-right: calc(-4% \/ 2 );\"><div class=\"fusion-layout-column fusion_builder_column fusion-builder-column-1 fusion_builder_column_1_1 1_1 fusion-flex-column\"><div class=\"fusion-column-wrapper fusion-flex-justify-content-flex-start fusion-content-layout-column\" style=\"background-position:left top;background-repeat:no-repeat;-webkit-background-size:cover;-moz-background-size:cover;-o-background-size:cover;background-size:cover;padding: 0px 0px 0px 0px;\"><div class=\"fusion-text fusion-text-2\"><p style=\"text-align: center;\">Velkommen til Press sitt 30. landsm\u00f8te! P\u00e5 denne siden finner du alt du trenger for \u00e5 ha et bra landsm\u00f8te. Ha det g\u00f8y!<\/p>\n<\/div><\/div><\/div><style type=\"text\/css\">.fusion-body .fusion-builder-column-1{width:100% !important;margin-top : 0px;margin-bottom : 20px;}.fusion-builder-column-1 > .fusion-column-wrapper {padding-top : 0px !important;padding-right : 0px !important;margin-right : 1.152%;padding-bottom : 0px !important;padding-left : 0px !important;margin-left : 1.92%;}@media only screen and (max-width:1024px) {.fusion-body .fusion-builder-column-1{width:100% !important;order : 0;}.fusion-builder-column-1 > .fusion-column-wrapper {margin-right : 1.92%;margin-left : 1.92%;}}@media only screen and (max-width:640px) {.fusion-body .fusion-builder-column-1{width:100% !important;order : 0;}.fusion-builder-column-1 > .fusion-column-wrapper {margin-right : 1.92%;margin-left : 1.92%;}}<\/style><\/div><style type=\"text\/css\">.fusion-body .fusion-flex-container.fusion-builder-row-2{ padding-top : 0px;margin-top : 0px;padding-right : 0px;padding-bottom : 0px;margin-bottom : 0px;padding-left : 0px;}<\/style><\/div><div class=\"fusion-fullwidth fullwidth-box fusion-builder-row-3 fusion-flex-container nonhundred-percent-fullwidth non-hundred-percent-height-scrolling\" style=\"background-color: #ffffff;background-position: center center;background-repeat: no-repeat;border-width: 0px 0px 0px 0px;border-color:#eae9e9;border-style:solid;\" ><div class=\"fusion-builder-row fusion-row fusion-flex-align-items-flex-start\" style=\"max-width:1248px;margin-left: calc(-4% \/ 2 );margin-right: calc(-4% \/ 2 );\"><div class=\"fusion-layout-column fusion_builder_column fusion-builder-column-2 fusion_builder_column_1_3 1_3 fusion-flex-column\"><div class=\"fusion-column-wrapper fusion-flex-justify-content-flex-start fusion-content-layout-column\" style=\"background-position:left top;background-repeat:no-repeat;-webkit-background-size:cover;-moz-background-size:cover;-o-background-size:cover;background-size:cover;padding: 0px 0px 0px 0px;\"><div ><style type=\"text\/css\">.fusion-button.button-1 .fusion-button-text, .fusion-button.button-1 i {color:#74bf45;}.fusion-button.button-1 .fusion-button-icon-divider{border-color:#74bf45;}.fusion-button.button-1:hover .fusion-button-text, .fusion-button.button-1:hover i,.fusion-button.button-1:focus .fusion-button-text, .fusion-button.button-1:focus i,.fusion-button.button-1:active .fusion-button-text, .fusion-button.button-1:active{color:#ffffff;}.fusion-button.button-1:hover .fusion-button-icon-divider, .fusion-button.button-1:hover .fusion-button-icon-divider, .fusion-button.button-1:active .fusion-button-icon-divider{border-color:#ffffff;}.fusion-button.button-1:hover, .fusion-button.button-1:focus, .fusion-button.button-1:active{border-color:#74bf45;}.fusion-button.button-1 {border-color:#74bf45;border-radius:3px;}.fusion-button.button-1{background: rgba(116,191,69,0);\n\t\t\t\t\t\t\tbackground-image: -webkit-gradient( linear, left bottom, left top, from( rgba(90,171,214,0) ), to( rgba(116,191,69,0) ) );\n\t\t\t\t\t\t\tbackground-image: -webkit-linear-gradient( bottom, rgba(90,171,214,0), rgba(116,191,69,0) );\n\t\t\t\t\t\t\tbackground-image:   -moz-linear-gradient( bottom, rgba(90,171,214,0), rgba(116,191,69,0) );\n\t\t\t\t\t\t\tbackground-image:     -o-linear-gradient( bottom, rgba(90,171,214,0), rgba(116,191,69,0) );\n\t\t\t\t\t\t\tbackground-image: linear-gradient( to top, rgba(90,171,214,0), rgba(116,191,69,0) );}.fusion-button.button-1:hover,.button-1:focus,.fusion-button.button-1:active{background: #74bf45;}<\/style><a class=\"fusion-button button-flat fusion-button-default-size button-custom button-1 fusion-button-span-yes fusion-button-default-type\" target=\"_self\" href=\"https:\/\/docs.google.com\/forms\/d\/e\/1FAIpQLSc23msSnqjUmuBjas2xArMXGFsP9kEnX-D6plMbKlJhF120vQ\/viewform?usp=dialog\"><i class=\"fa-angle-double-right fas button-icon-left\" aria-hidden=\"true\"><\/i><span class=\"fusion-button-text\">Send inn endringsforslag<\/span><\/a><\/div><\/div><\/div><style type=\"text\/css\">.fusion-body .fusion-builder-column-2{width:33.333333333333% !important;margin-top : 0px;margin-bottom : 20px;}.fusion-builder-column-2 > .fusion-column-wrapper {padding-top : 0px !important;padding-right : 0px !important;margin-right : 5.76%;padding-bottom : 0px !important;padding-left : 0px !important;margin-left : 5.76%;}@media only screen and (max-width:1024px) {.fusion-body .fusion-builder-column-2{width:100% !important;order : 0;}.fusion-builder-column-2 > .fusion-column-wrapper {margin-right : 1.92%;margin-left : 1.92%;}}@media only screen and (max-width:640px) {.fusion-body .fusion-builder-column-2{width:100% !important;order : 0;}.fusion-builder-column-2 > .fusion-column-wrapper {margin-right : 1.92%;margin-left : 1.92%;}}<\/style><div class=\"fusion-layout-column fusion_builder_column fusion-builder-column-3 fusion_builder_column_1_3 1_3 fusion-flex-column\"><div class=\"fusion-column-wrapper fusion-flex-justify-content-flex-start fusion-content-layout-column\" style=\"background-position:left top;background-repeat:no-repeat;-webkit-background-size:cover;-moz-background-size:cover;-o-background-size:cover;background-size:cover;padding: 0px 0px 0px 0px;\"><div ><style type=\"text\/css\">.fusion-button.button-2 .fusion-button-text, .fusion-button.button-2 i {color:#74bf45;}.fusion-button.button-2 .fusion-button-icon-divider{border-color:#74bf45;}.fusion-button.button-2:hover .fusion-button-text, .fusion-button.button-2:hover i,.fusion-button.button-2:focus .fusion-button-text, .fusion-button.button-2:focus i,.fusion-button.button-2:active .fusion-button-text, .fusion-button.button-2:active{color:#ffffff;}.fusion-button.button-2:hover .fusion-button-icon-divider, .fusion-button.button-2:hover .fusion-button-icon-divider, .fusion-button.button-2:active .fusion-button-icon-divider{border-color:#ffffff;}.fusion-button.button-2:hover, .fusion-button.button-2:focus, .fusion-button.button-2:active{border-color:#74bf45;}.fusion-button.button-2 {border-color:#74bf45;border-radius:3px;}.fusion-button.button-2{background: rgba(116,191,69,0);\n\t\t\t\t\t\t\tbackground-image: -webkit-gradient( linear, left bottom, left top, from( rgba(90,171,214,0) ), to( rgba(116,191,69,0) ) );\n\t\t\t\t\t\t\tbackground-image: -webkit-linear-gradient( bottom, rgba(90,171,214,0), rgba(116,191,69,0) );\n\t\t\t\t\t\t\tbackground-image:   -moz-linear-gradient( bottom, rgba(90,171,214,0), rgba(116,191,69,0) );\n\t\t\t\t\t\t\tbackground-image:     -o-linear-gradient( bottom, rgba(90,171,214,0), rgba(116,191,69,0) );\n\t\t\t\t\t\t\tbackground-image: linear-gradient( to top, rgba(90,171,214,0), rgba(116,191,69,0) );}.fusion-button.button-2:hover,.button-2:focus,.fusion-button.button-2:active{background: #74bf45;}<\/style><a class=\"fusion-button button-flat fusion-button-default-size button-custom button-2 fusion-button-span-yes fusion-button-default-type\" target=\"_self\" href=\"https:\/\/docs.google.com\/forms\/d\/e\/1FAIpQLSduU8Uas_d_2TcsfiQYAoKGzlVVIK4r4AhdXmvRrLGWxbbtkA\/viewform?usp=publish-editor\"><i class=\"fa-angle-double-right fas button-icon-left\" aria-hidden=\"true\"><\/i><span class=\"fusion-button-text\">presska<\/span><\/a><\/div><\/div><\/div><style type=\"text\/css\">.fusion-body .fusion-builder-column-3{width:33.333333333333% !important;margin-top : 0px;margin-bottom : 20px;}.fusion-builder-column-3 > .fusion-column-wrapper {padding-top : 0px !important;padding-right : 0px !important;margin-right : 5.76%;padding-bottom : 0px !important;padding-left : 0px !important;margin-left : 5.76%;}@media only screen and (max-width:1024px) {.fusion-body .fusion-builder-column-3{width:100% !important;order : 0;}.fusion-builder-column-3 > .fusion-column-wrapper {margin-right : 1.92%;margin-left : 1.92%;}}@media only screen and (max-width:640px) {.fusion-body .fusion-builder-column-3{width:100% !important;order : 0;}.fusion-builder-column-3 > .fusion-column-wrapper {margin-right : 1.92%;margin-left : 1.92%;}}<\/style><div class=\"fusion-layout-column fusion_builder_column fusion-builder-column-4 fusion_builder_column_1_3 1_3 fusion-flex-column\"><div class=\"fusion-column-wrapper fusion-flex-justify-content-flex-start fusion-content-layout-column\" style=\"background-position:left top;background-repeat:no-repeat;-webkit-background-size:cover;-moz-background-size:cover;-o-background-size:cover;background-size:cover;padding: 0px 0px 0px 0px;\"><div ><style type=\"text\/css\">.fusion-button.button-3 .fusion-button-text, .fusion-button.button-3 i {color:#74bf45;}.fusion-button.button-3 .fusion-button-icon-divider{border-color:#74bf45;}.fusion-button.button-3:hover .fusion-button-text, .fusion-button.button-3:hover i,.fusion-button.button-3:focus .fusion-button-text, .fusion-button.button-3:focus i,.fusion-button.button-3:active .fusion-button-text, .fusion-button.button-3:active{color:#ffffff;}.fusion-button.button-3:hover .fusion-button-icon-divider, .fusion-button.button-3:hover .fusion-button-icon-divider, .fusion-button.button-3:active .fusion-button-icon-divider{border-color:#ffffff;}.fusion-button.button-3:hover, .fusion-button.button-3:focus, .fusion-button.button-3:active{border-color:#74bf45;}.fusion-button.button-3 {border-color:#74bf45;border-radius:3px;}.fusion-button.button-3{background: rgba(116,191,69,0);\n\t\t\t\t\t\t\tbackground-image: -webkit-gradient( linear, left bottom, left top, from( rgba(90,171,214,0) ), to( rgba(116,191,69,0) ) );\n\t\t\t\t\t\t\tbackground-image: -webkit-linear-gradient( bottom, rgba(90,171,214,0), rgba(116,191,69,0) );\n\t\t\t\t\t\t\tbackground-image:   -moz-linear-gradient( bottom, rgba(90,171,214,0), rgba(116,191,69,0) );\n\t\t\t\t\t\t\tbackground-image:     -o-linear-gradient( bottom, rgba(90,171,214,0), rgba(116,191,69,0) );\n\t\t\t\t\t\t\tbackground-image: linear-gradient( to top, rgba(90,171,214,0), rgba(116,191,69,0) );}.fusion-button.button-3:hover,.button-3:focus,.fusion-button.button-3:active{background: #74bf45;}<\/style><a class=\"fusion-button button-flat fusion-button-default-size button-custom button-3 fusion-button-span-yes fusion-button-default-type\" target=\"_self\" href=\"https:\/\/forms.gle\/BkK357Edqo8k1mKP6\"><i class=\"fa-angle-double-right fas button-icon-left\" aria-hidden=\"true\"><\/i><span class=\"fusion-button-text\">send permisjonss\u00f8knad<\/span><\/a><\/div><\/div><\/div><style type=\"text\/css\">.fusion-body .fusion-builder-column-4{width:33.333333333333% !important;margin-top : 0px;margin-bottom : 20px;}.fusion-builder-column-4 > .fusion-column-wrapper {padding-top : 0px !important;padding-right : 0px !important;margin-right : 5.76%;padding-bottom : 0px !important;padding-left : 0px !important;margin-left : 5.76%;}@media only screen and (max-width:1024px) {.fusion-body .fusion-builder-column-4{width:100% !important;order : 0;}.fusion-builder-column-4 > .fusion-column-wrapper {margin-right : 1.92%;margin-left : 1.92%;}}@media only screen and (max-width:640px) {.fusion-body .fusion-builder-column-4{width:100% !important;order : 0;}.fusion-builder-column-4 > .fusion-column-wrapper {margin-right : 1.92%;margin-left : 1.92%;}}<\/style><\/div><style type=\"text\/css\">.fusion-body .fusion-flex-container.fusion-builder-row-3{ padding-top : 0px;margin-top : 0px;padding-right : 0px;padding-bottom : 0px;margin-bottom : 0px;padding-left : 0px;}<\/style><\/div><div class=\"fusion-fullwidth fullwidth-box fusion-builder-row-4 fusion-flex-container nonhundred-percent-fullwidth non-hundred-percent-height-scrolling\" style=\"background-color: #ffffff;background-position: center center;background-repeat: no-repeat;border-width: 0px 0px 0px 0px;border-color:#eae9e9;border-style:solid;\" ><div class=\"fusion-builder-row fusion-row fusion-flex-align-items-flex-start\" style=\"max-width:1248px;margin-left: calc(-4% \/ 2 );margin-right: calc(-4% \/ 2 );\"><div class=\"fusion-layout-column fusion_builder_column fusion-builder-column-5 fusion_builder_column_1_1 1_1 fusion-flex-column\"><div class=\"fusion-column-wrapper fusion-flex-justify-content-flex-start fusion-content-layout-column\" style=\"background-position:left top;background-repeat:no-repeat;-webkit-background-size:cover;-moz-background-size:cover;-o-background-size:cover;background-size:cover;padding: 0px 0px 0px 0px;\"><style type=\"text\/css\">@media only screen and (max-width:1024px) {.fusion-title.fusion-title-2{margin-top:0px!important;margin-bottom:31px!important;}}<\/style><div class=\"fusion-title title fusion-title-2 sep-underline sep-solid fusion-title-center fusion-title-text fusion-title-size-two\" style=\"border-bottom-color:#c13e27;margin-top:0px;margin-bottom:31px;\"><h2 class=\"title-heading-center\" style=\"margin:0;\">Sakspapirer<\/h2><\/div><iframe loading=\"lazy\" src=\"https:\/\/drive.google.com\/embeddedfolderview?id=1gHHHZNrXxE1l6kGW_nhmlCbON6Cl-7mG#grid\" frameborder=\"0\" width=\"100%\" height=\"500px\" scrolling=\"auto\"> <\/iframe><\/div><\/div><style type=\"text\/css\">.fusion-body .fusion-builder-column-5{width:100% !important;margin-top : 0px;margin-bottom : 20px;}.fusion-builder-column-5 > .fusion-column-wrapper {padding-top : 0px !important;padding-right : 0px !important;margin-right : 1.92%;padding-bottom : 0px !important;padding-left : 0px !important;margin-left : 1.92%;}@media only screen and (max-width:1024px) {.fusion-body .fusion-builder-column-5{width:100% !important;order : 0;}.fusion-builder-column-5 > .fusion-column-wrapper {margin-right : 1.92%;margin-left : 1.92%;}}@media only screen and (max-width:640px) {.fusion-body .fusion-builder-column-5{width:100% !important;order : 0;}.fusion-builder-column-5 > .fusion-column-wrapper {margin-right : 1.92%;margin-left : 1.92%;}}<\/style><\/div><style type=\"text\/css\">.fusion-body .fusion-flex-container.fusion-builder-row-4{ padding-top : 0px;margin-top : 0px;padding-right : 0px;padding-bottom : 0px;margin-bottom : 0px;padding-left : 0px;}<\/style><\/div><div class=\"fusion-fullwidth fullwidth-box fusion-builder-row-5 fusion-flex-container nonhundred-percent-fullwidth non-hundred-percent-height-scrolling\" style=\"background-color: #ffffff;background-position: center center;background-repeat: no-repeat;border-width: 0px 0px 0px 0px;border-color:#eae9e9;border-style:solid;\" ><div class=\"fusion-builder-row fusion-row fusion-flex-align-items-center\" style=\"max-width:1248px;margin-left: calc(-4% \/ 2 );margin-right: calc(-4% \/ 2 );\"><div class=\"fusion-layout-column fusion_builder_column fusion-builder-column-6 fusion_builder_column_1_1 1_1 fusion-flex-column\"><div class=\"fusion-column-wrapper fusion-flex-justify-content-flex-start fusion-content-layout-column\" style=\"background-position:left top;background-repeat:no-repeat;-webkit-background-size:cover;-moz-background-size:cover;-o-background-size:cover;background-size:cover;padding: 0px 0px 0px 0px;\"><div class=\"fusion-section-separator section-separator bigtriangle fusion-section-separator-1\"><div class=\"fusion-section-separator-svg\" style=\"padding:0;\"><svg class=\"fusion-big-triangle-candy\" xmlns=\"http:\/\/www.w3.org\/2000\/svg\" version=\"1.1\" width=\"100%\" height=\"100\" viewBox=\"0 0 100 100\" preserveAspectRatio=\"none\" style=\"fill:rgba(71,161,179,0.61);padding:0;\"><path d=\"M0 -1 L25 100 L101 -1 Z\"><\/path><\/svg><\/div><div class=\"fusion-section-separator-spacer\"><div class=\"fusion-section-separator-spacer-height\" style=\"height:99px;\"><\/div><\/div><style type=\"text\/css\">.fusion-section-separator-1 .fusion-section-separator-svg {margin-left:1.92%;margin-right:1.92%;}@media only screen and (max-width:1024px) {.fusion-section-separator-1 .fusion-section-separator-svg {margin-left:1.92%;margin-right:1.92%;}}@media only screen and (max-width:640px) {.fusion-section-separator-1 .fusion-section-separator-svg {margin-left:1.92%;margin-right:1.92%;}}<\/style><\/div><\/div><\/div><style type=\"text\/css\">.fusion-body .fusion-builder-column-6{width:100% !important;margin-top : 0px;margin-bottom : 20px;}.fusion-builder-column-6 > .fusion-column-wrapper {padding-top : 0px !important;padding-right : 0px !important;margin-right : 1.92%;padding-bottom : 0px !important;padding-left : 0px !important;margin-left : 1.92%;}@media only screen and (max-width:1024px) {.fusion-body .fusion-builder-column-6{width:100% !important;order : 0;}.fusion-builder-column-6 > .fusion-column-wrapper {margin-right : 1.92%;margin-left : 1.92%;}}@media only screen and (max-width:640px) {.fusion-body .fusion-builder-column-6{width:100% !important;order : 0;}.fusion-builder-column-6 > .fusion-column-wrapper {margin-right : 1.92%;margin-left : 1.92%;}}<\/style><div class=\"fusion-layout-column fusion_builder_column fusion-builder-column-7 fusion_builder_column_3_5 3_5 fusion-flex-column\"><div class=\"fusion-column-wrapper fusion-flex-justify-content-flex-start fusion-content-layout-column\" style=\"background-position:left top;background-repeat:no-repeat;-webkit-background-size:cover;-moz-background-size:cover;-o-background-size:cover;background-size:cover;padding: 0px 0px 0px 0px;\"><style type=\"text\/css\">@media only screen and (max-width:1024px) {.fusion-title.fusion-title-3{margin-top:0px!important;margin-bottom:31px!important;}}<\/style><div class=\"fusion-title title fusion-title-3 fusion-title-text fusion-title-size-two\" style=\"margin-top:0px;margin-bottom:31px;\"><div class=\"title-sep-container title-sep-container-left fusion-no-large-visibility fusion-no-medium-visibility fusion-no-small-visibility\"><div class=\"title-sep sep-double sep-solid\" style=\"border-color:#e0dede;\"><\/div><\/div><h2 class=\"title-heading-left\" style=\"margin:0;\"><p style=\"text-align: left;\">Trenger du hjelp under LM?<\/p><\/h2><div class=\"title-sep-container title-sep-container-right\"><div class=\"title-sep sep-double sep-solid\" style=\"border-color:#e0dede;\"><\/div><\/div><\/div><div class=\"fusion-text fusion-text-3\"><p>Hvis du trenger hjelp under landsm\u00f8tet er det nok ikke lang vei til n\u00e6rmeste sentralstyremedlem! Huk tak i en n\u00e5r de g\u00e5r forbi deg eller sp\u00f8r ordstyrerbordet om hjelp.<\/p>\n<\/div><\/div><\/div><style type=\"text\/css\">.fusion-body .fusion-builder-column-7{width:60% !important;margin-top : 0px;margin-bottom : 20px;}.fusion-builder-column-7 > .fusion-column-wrapper {padding-top : 0px !important;padding-right : 0px !important;margin-right : 3.2%;padding-bottom : 0px !important;padding-left : 0px !important;margin-left : 3.2%;}@media only screen and (max-width:1024px) {.fusion-body .fusion-builder-column-7{width:100% !important;order : 0;}.fusion-builder-column-7 > .fusion-column-wrapper {margin-right : 1.92%;margin-left : 1.92%;}}@media only screen and (max-width:640px) {.fusion-body .fusion-builder-column-7{width:100% !important;order : 0;}.fusion-builder-column-7 > .fusion-column-wrapper {margin-right : 1.92%;margin-left : 1.92%;}}<\/style><div class=\"fusion-layout-column fusion_builder_column fusion-builder-column-8 fusion_builder_column_2_5 2_5 fusion-flex-column\"><div class=\"fusion-column-wrapper fusion-flex-justify-content-flex-start fusion-content-layout-column\" style=\"background-position:left top;background-repeat:no-repeat;-webkit-background-size:cover;-moz-background-size:cover;-o-background-size:cover;background-size:cover;padding: 0px 0px 0px 0px;\"><div ><span class=\" fusion-imageframe imageframe-none imageframe-2 hover-type-none\"><img decoding=\"async\" width=\"2560\" image_height=\"1707\" image_id=\"3409\" title=\"PRESS_141023-39\" src=\"https:\/\/press.no\/internside\/wp-content\/uploads\/sites\/6\/2023\/10\/PRESS_141023-39-scaled.jpg\" data-orig-src=\"https:\/\/press.no\/internside\/wp-content\/uploads\/sites\/6\/2023\/10\/PRESS_141023-39-scaled.jpg\" class=\"lazyload img-responsive wp-image-3409\" srcset=\"data:image\/svg+xml,%3Csvg%20xmlns%3D%27http%3A%2F%2Fwww.w3.org%2F2000%2Fsvg%27%20width%3D%272560%27%20height%3D%271707%27%20viewBox%3D%270%200%202560%201707%27%3E%3Crect%20width%3D%272560%27%20height%3D%2731707%27%20fill-opacity%3D%220%22%2F%3E%3C%2Fsvg%3E\" data-srcset=\"https:\/\/press.no\/internside\/wp-content\/uploads\/sites\/6\/2023\/10\/PRESS_141023-39-200x133.jpg 200w, https:\/\/press.no\/internside\/wp-content\/uploads\/sites\/6\/2023\/10\/PRESS_141023-39-400x267.jpg 400w, https:\/\/press.no\/internside\/wp-content\/uploads\/sites\/6\/2023\/10\/PRESS_141023-39-600x400.jpg 600w, https:\/\/press.no\/internside\/wp-content\/uploads\/sites\/6\/2023\/10\/PRESS_141023-39-800x533.jpg 800w, https:\/\/press.no\/internside\/wp-content\/uploads\/sites\/6\/2023\/10\/PRESS_141023-39-1200x800.jpg 1200w, https:\/\/press.no\/internside\/wp-content\/uploads\/sites\/6\/2023\/10\/PRESS_141023-39-scaled.jpg 2560w\" data-sizes=\"auto\" data-orig-sizes=\"(max-width: 1024px) 100vw, (max-width: 640px) 100vw, 600px\" \/><\/span><\/div><\/div><\/div><style type=\"text\/css\">.fusion-body .fusion-builder-column-8{width:40% !important;margin-top : 0px;margin-bottom : 20px;}.fusion-builder-column-8 > .fusion-column-wrapper {padding-top : 0px !important;padding-right : 0px !important;margin-right : 4.8%;padding-bottom : 0px !important;padding-left : 0px !important;margin-left : 4.8%;}@media only screen and (max-width:1024px) {.fusion-body .fusion-builder-column-8{width:100% !important;order : 0;}.fusion-builder-column-8 > .fusion-column-wrapper {margin-right : 1.92%;margin-left : 1.92%;}}@media only screen and (max-width:640px) {.fusion-body .fusion-builder-column-8{width:100% !important;order : 0;}.fusion-builder-column-8 > .fusion-column-wrapper {margin-right : 1.92%;margin-left : 1.92%;}}<\/style><\/div><style type=\"text\/css\">.fusion-body .fusion-flex-container.fusion-builder-row-5{ padding-top : 0px;margin-top : 30;padding-right : 0px;padding-bottom : 0px;margin-bottom : 0px;padding-left : 0px;}<\/style><\/div><\/p>\n","protected":false},"excerpt":{"rendered":"","protected":false},"author":16,"featured_media":0,"parent":0,"menu_order":0,"comment_status":"closed","ping_status":"closed","template":"","meta":{"_acf_changed":false,"footnotes":""},"acf":[],"_links":{"self":[{"href":"https:\/\/press.no\/internside\/wp-json\/wp\/v2\/pages\/3596"}],"collection":[{"href":"https:\/\/press.no\/internside\/wp-json\/wp\/v2\/pages"}],"about":[{"href":"https:\/\/press.no\/internside\/wp-json\/wp\/v2\/types\/page"}],"author":[{"embeddable":true,"href":"https:\/\/press.no\/internside\/wp-json\/wp\/v2\/users\/16"}],"replies":[{"embeddable":true,"href":"https:\/\/press.no\/internside\/wp-json\/wp\/v2\/comments?post=3596"}],"version-history":[{"count":27,"href":"https:\/\/press.no\/internside\/wp-json\/wp\/v2\/pages\/3596\/revisions"}],"predecessor-version":[{"id":3829,"href":"https:\/\/press.no\/internside\/wp-json\/wp\/v2\/pages\/3596\/revisions\/3829"}],"wp:attachment":[{"href":"https:\/\/press.no\/internside\/wp-json\/wp\/v2\/media?parent=3596"}],"curies":[{"name":"wp","href":"https:\/\/api.w.org\/{rel}","templated":true}]}}