{"id":2973,"date":"2023-04-11T15:38:28","date_gmt":"2023-04-11T13:38:28","guid":{"rendered":"https:\/\/press.no\/internside\/?page_id=2973"},"modified":"2023-04-11T15:44:49","modified_gmt":"2023-04-11T13:44:49","slug":"blogginnlegg-bergen-press","status":"publish","type":"page","link":"https:\/\/press.no\/internside\/blogginnlegg-bergen-press\/","title":{"rendered":"Blogginnlegg fra Emma i Bergen Press"},"content":{"rendered":"<p><div class=\"fusion-fullwidth fullwidth-box fusion-builder-row-1 nonhundred-percent-fullwidth non-hundred-percent-height-scrolling\" style=\"background-color: #ffffff;background-position: center center;background-repeat: no-repeat;padding-top:0px;padding-right:0px;padding-bottom:0px;padding-left:0px;margin-bottom: 0px;margin-top: 0px;border-width: 0px 0px 0px 0px;border-color:#eae9e9;border-style:solid;\" ><div class=\"fusion-builder-row fusion-row\"><div class=\"fusion-layout-column fusion_builder_column fusion-builder-column-0 fusion_builder_column_1_1 1_1 fusion-one-full fusion-column-first fusion-column-last\" style=\"margin-top:0px;margin-bottom:0px;\"><div class=\"fusion-column-wrapper fusion-flex-column-wrapper-legacy\" style=\"background-position:left top;background-repeat:no-repeat;-webkit-background-size:cover;-moz-background-size:cover;-o-background-size:cover;background-size:cover;padding: 0px 0px 0px 0px;\"><div class=\"fusion-sep-clear\"><\/div><div class=\"fusion-separator fusion-full-width-sep\" style=\"margin-left: auto;margin-right: auto;margin-top:60px;margin-bottom:30px;width:100%;\"><\/div><div class=\"fusion-sep-clear\"><\/div><style type=\"text\/css\"><\/style><div class=\"fusion-title title fusion-title-1 fusion-sep-none fusion-title-center fusion-title-text fusion-title-size-two\" style=\"margin-top:35px;margin-bottom:31px;\"><h2 class=\"title-heading-center\" style=\"margin:0;\">Tips fra en LS&#8217;er<\/h2><\/div><div class=\"fusion-sep-clear\"><\/div><div class=\"fusion-separator fusion-has-icon fusion-full-width-sep\" style=\"margin-left: auto;margin-right: auto;margin-top:-20px;margin-bottom:15px;width:100%;\"><div class=\"fusion-separator-border sep-single sep-solid\" style=\"border-color:#2a426e;border-top-width:1px;\"><\/div><span class=\"icon-wrapper\" style=\"border-color:transparent;font-size:19px;width: 1.75em; height: 1.75em;border-width:1px;padding:1px;margin-top:-0.5px\"><i class=\"fa-file-alt fas\" style=\"font-size: inherit;color:#2a426e;\" aria-hidden=\"true\"><\/i><\/span><div class=\"fusion-separator-border sep-single sep-solid\" style=\"border-color:#2a426e;border-top-width:1px;\"><\/div><\/div><div class=\"fusion-sep-clear\"><\/div><div class=\"fusion-text fusion-text-1\"><p><span style=\"font-weight: 400;\">Hei!\u00a0<\/span><span style=\"font-weight: 400;\">Jeg heter Emma og sitter i Landsstyret som representant for region Vest, men f\u00f8rst og fremst er jeg nestleder i Bergen Press &#8211; regionens desidert kuleste (og forel\u00f8pig eneste) lokallag! Styret v\u00e5rt best\u00e5r av en leder, nestleder (meg), en \u00f8konomiansvarlig og to styremedlemmer, men dette kan variere fra lokallag til lokallag. Medlemmer, b\u00e5de de som er med i et lokallag og de som ikke er det (direktemedlemmer) kan blant annet delta p\u00e5 lokallagsm\u00f8ter, under kampanjer og p\u00e5 nasjonale arrangementer.\u00a0<\/span><\/p>\n<\/div><div class=\"fusion-clearfix\"><\/div><\/div><\/div><\/div><\/div><div class=\"fusion-fullwidth fullwidth-box fusion-builder-row-2 fusion-flex-container nonhundred-percent-fullwidth non-hundred-percent-height-scrolling\" style=\"background-color: #ffffff;background-position: center center;background-repeat: no-repeat;border-width: 0px 0px 0px 0px;border-color:#eae9e9;border-style:solid;\" ><div class=\"fusion-builder-row fusion-row fusion-flex-align-items-flex-start\" style=\"max-width:1248px;margin-left: calc(-4% \/ 2 );margin-right: calc(-4% \/ 2 );\"><div class=\"fusion-layout-column fusion_builder_column fusion-builder-column-1 fusion_builder_column_1_1 1_1 fusion-flex-column fusion-flex-align-self-center\"><div class=\"fusion-column-wrapper fusion-flex-justify-content-space-around fusion-content-layout-column\" style=\"background-position:left top;background-repeat:no-repeat;-webkit-background-size:cover;-moz-background-size:cover;-o-background-size:cover;background-size:cover;padding: 0px 0px 0px 0px;\"><div class=\"fusion-text fusion-text-2\"><p><span style=\"font-weight: 400;\">Til sammen pleier vi \u00e5 v\u00e6re rundt 10 stykker p\u00e5 m\u00f8tene v\u00e5re. Hva vi gj\u00f8r p\u00e5 m\u00f8tene varierer ut ifra hva som skjer ellers i organisasjonen. I kampanjeperioder har vi gjerne m\u00f8ter hvor vi sammen planlegger og gjennomf\u00f8rer aktiviteter knyttet til kampanjen.\u00a0<\/span><\/p>\n<p><span style=\"font-weight: 400;\">Under fjor\u00e5rets h\u00f8stkampanje, hadde vi for eksempel buttonsverksted, hvor vi lagde v\u00e5re egne buttons med kampanjelogoen p\u00e5, f\u00f8r vi delte dem ut p\u00e5 videreg\u00e5ende skoler.\u00a0<\/span><\/p>\n<p><span style=\"font-weight: 400;\">I forbindelse med \u00e5rets Gullbarbie, hadde vi et m\u00f8te med lokallaget hvor vi planla et st\u00f8rre arrangement. Vi tok kontakt med forskjellige organisasjoner i n\u00e6rheten som jobber med relevante saker, og fikk leie lokaler (gratis) p\u00e5 det offentlige biblioteket. Vi inviterte Thea, fra sentralstyret, og hun hadde foredrag om kampanjen, f\u00f8r hun deltok i en panelsamtale sammen med representanter fra 2 andre organisasjoner, som vi kontaktet p\u00e5 mail. Vi stilte ogs\u00e5 med pizza og brus. Vi brukte akkurat 3 uker fra vi begynte \u00e5 planlegge, til vi gjennomf\u00f8rte arrangementet. Man trenger alts\u00e5 verken mye tid, stort budsjett eller lang erfaring for \u00e5 lykkes med et arrangement!<\/span><\/p>\n<p>\u00a0<\/p>\n<p><span style=\"font-weight: 400;\">Tips til lokallagsaktivitet:<\/span><\/p>\n<ol>\n<li style=\"font-weight: 400;\" aria-level=\"1\"><span style=\"font-weight: 400;\">Inviter andre organisasjoner med p\u00e5 m\u00f8tene og arrangementene dere gjennomf\u00f8rer i lokallaget, s\u00e5 blir dere kanskje invitert tilbake. I etterkant av Gullbarbie-arrangementet v\u00e5rt, har vi blitt invitert med p\u00e5 arrangementer av organisasjonene som ble invitert p\u00e5 arrangementet v\u00e5rt. Slik kan lokallag f\u00e5 gode kontakter, og spennende, varierte aktiviteter \u00e5 v\u00e6re med p\u00e5.<\/span><\/li>\n<li style=\"font-weight: 400;\" aria-level=\"1\"><span style=\"font-weight: 400;\">Bruk \u00e5rshjulet! Tilpass lokallagsaktiviteten etter hva som foreg\u00e5r ellers i Press. P\u00e5 denne m\u00e5ten f\u00e5r man b\u00e5de tips og id\u00e9er til hva man kan finne p\u00e5, og man holder hverandre oppdatert p\u00e5 hva Press arbeider med. Det finnes gode ressurser med r\u00e5d og tips p\u00e5 press.no \u2192 \u2018for medlemmer\u2019 \u2192 \u2018nyttige filer\u2019 \u2192 \u2018tidligere kampanjer\u2019.\u00a0<\/span><\/li>\n<li style=\"font-weight: 400;\" aria-level=\"1\"><span style=\"font-weight: 400;\">Gj\u00f8r noe kreativt! Buttonsverksted, plakatverksted eller bannermaling sl\u00e5r aldri feil. Her er det bare fantasien som setter grenser for hva man kan finne p\u00e5!<\/span><\/li>\n<li style=\"font-weight: 400;\" aria-level=\"1\"><span style=\"font-weight: 400;\">Ikke n\u00f8l med \u00e5 kontakte Landsstyret og Sentralleddet! Enten dere vil ha bes\u00f8k i forbindelse med en nasjonal kampanje, skal stelle i stand et st\u00f8rre arrangement, vil at noen skal holde foredrag eller gi annen skolering, finnes det mye hjelp \u00e5 f\u00e5.<\/span><\/li>\n<\/ol>\n<\/div><\/div><\/div><style type=\"text\/css\">.fusion-body .fusion-builder-column-1{width:100% !important;margin-top : 0px;margin-bottom : 20px;}.fusion-builder-column-1 > .fusion-column-wrapper {padding-top : 0px !important;padding-right : 0px !important;margin-right : 1.92%;padding-bottom : 0px !important;padding-left : 0px !important;margin-left : 1.92%;}@media only screen and (max-width:1024px) {.fusion-body .fusion-builder-column-1{width:100% !important;order : 0;}.fusion-builder-column-1 > .fusion-column-wrapper {margin-right : 1.92%;margin-left : 1.92%;}}@media only screen and (max-width:640px) {.fusion-body .fusion-builder-column-1{width:100% !important;order : 0;}.fusion-builder-column-1 > .fusion-column-wrapper {margin-right : 1.92%;margin-left : 1.92%;}}<\/style><\/div><style type=\"text\/css\">.fusion-body .fusion-flex-container.fusion-builder-row-2{ padding-top : 0px;margin-top : 0px;padding-right : 0px;padding-bottom : 0px;margin-bottom : 0px;padding-left : 0px;}<\/style><\/div><div class=\"fusion-fullwidth fullwidth-box fusion-builder-row-3 fusion-flex-container nonhundred-percent-fullwidth non-hundred-percent-height-scrolling\" style=\"background-color: #ffffff;background-position: center center;background-repeat: no-repeat;border-width: 0px 0px 0px 0px;border-color:#eae9e9;border-style:solid;\" ><div class=\"fusion-builder-row fusion-row fusion-flex-align-items-center\" style=\"max-width:1248px;margin-left: calc(-4% \/ 2 );margin-right: calc(-4% \/ 2 );\"><div class=\"fusion-layout-column fusion_builder_column fusion-builder-column-2 fusion_builder_column_1_3 1_3 fusion-flex-column\"><div class=\"fusion-column-wrapper fusion-flex-justify-content-flex-start fusion-content-layout-column\" style=\"background-position:left top;background-repeat:no-repeat;-webkit-background-size:cover;-moz-background-size:cover;-o-background-size:cover;background-size:cover;padding: 0px 0px 0px 0px;\"><div ><span class=\" fusion-imageframe imageframe-none imageframe-1 hover-type-none\"><img decoding=\"async\" width=\"633\" image_height=\"1024\" image_id=\"2976\" title=\"screenshot gb arra\" src=\"https:\/\/press.no\/internside\/wp-content\/uploads\/sites\/6\/2023\/04\/screenshot-gb-arra.jpg\" data-orig-src=\"https:\/\/press.no\/internside\/wp-content\/uploads\/sites\/6\/2023\/04\/screenshot-gb-arra-633x1024.jpg\" class=\"lazyload img-responsive wp-image-2976\" srcset=\"data:image\/svg+xml,%3Csvg%20xmlns%3D%27http%3A%2F%2Fwww.w3.org%2F2000%2Fsvg%27%20width%3D%271080%27%20height%3D%271747%27%20viewBox%3D%270%200%201080%201747%27%3E%3Crect%20width%3D%271080%27%20height%3D%2731747%27%20fill-opacity%3D%220%22%2F%3E%3C%2Fsvg%3E\" data-srcset=\"https:\/\/press.no\/internside\/wp-content\/uploads\/sites\/6\/2023\/04\/screenshot-gb-arra-200x324.jpg 200w, https:\/\/press.no\/internside\/wp-content\/uploads\/sites\/6\/2023\/04\/screenshot-gb-arra-400x647.jpg 400w, https:\/\/press.no\/internside\/wp-content\/uploads\/sites\/6\/2023\/04\/screenshot-gb-arra-600x971.jpg 600w, https:\/\/press.no\/internside\/wp-content\/uploads\/sites\/6\/2023\/04\/screenshot-gb-arra-800x1294.jpg 800w, https:\/\/press.no\/internside\/wp-content\/uploads\/sites\/6\/2023\/04\/screenshot-gb-arra.jpg 1080w\" data-sizes=\"auto\" data-orig-sizes=\"(max-width: 1024px) 100vw, (max-width: 640px) 100vw, 600px\" \/><\/span><\/div><\/div><\/div><style type=\"text\/css\">.fusion-body .fusion-builder-column-2{width:33.333333333333% !important;margin-top : 0px;margin-bottom : 20px;}.fusion-builder-column-2 > .fusion-column-wrapper {padding-top : 0px !important;padding-right : 0px !important;margin-right : 5.76%;padding-bottom : 0px !important;padding-left : 0px !important;margin-left : 5.76%;}@media only screen and (max-width:1024px) {.fusion-body .fusion-builder-column-2{width:100% !important;order : 0;}.fusion-builder-column-2 > .fusion-column-wrapper {margin-right : 1.92%;margin-left : 1.92%;}}@media only screen and (max-width:640px) {.fusion-body .fusion-builder-column-2{width:100% !important;order : 0;}.fusion-builder-column-2 > .fusion-column-wrapper {margin-right : 1.92%;margin-left : 1.92%;}}<\/style><div class=\"fusion-layout-column fusion_builder_column fusion-builder-column-3 fusion_builder_column_1_3 1_3 fusion-flex-column\"><div class=\"fusion-column-wrapper fusion-flex-justify-content-flex-start fusion-content-layout-column\" style=\"background-position:left top;background-repeat:no-repeat;-webkit-background-size:cover;-moz-background-size:cover;-o-background-size:cover;background-size:cover;padding: 0px 0px 0px 0px;\"><div ><span class=\" fusion-imageframe imageframe-none imageframe-2 hover-type-none\"><img decoding=\"async\" width=\"768\" image_height=\"1024\" image_id=\"2975\" title=\"IMG_20230220_195539_787\" src=\"https:\/\/press.no\/internside\/wp-content\/uploads\/sites\/6\/2023\/04\/IMG_20230220_195539_787.jpg\" data-orig-src=\"https:\/\/press.no\/internside\/wp-content\/uploads\/sites\/6\/2023\/04\/IMG_20230220_195539_787-768x1024.jpg\" class=\"lazyload img-responsive wp-image-2975\" srcset=\"data:image\/svg+xml,%3Csvg%20xmlns%3D%27http%3A%2F%2Fwww.w3.org%2F2000%2Fsvg%27%20width%3D%27828%27%20height%3D%271104%27%20viewBox%3D%270%200%20828%201104%27%3E%3Crect%20width%3D%27828%27%20height%3D%2731104%27%20fill-opacity%3D%220%22%2F%3E%3C%2Fsvg%3E\" data-srcset=\"https:\/\/press.no\/internside\/wp-content\/uploads\/sites\/6\/2023\/04\/IMG_20230220_195539_787-200x267.jpg 200w, https:\/\/press.no\/internside\/wp-content\/uploads\/sites\/6\/2023\/04\/IMG_20230220_195539_787-400x533.jpg 400w, https:\/\/press.no\/internside\/wp-content\/uploads\/sites\/6\/2023\/04\/IMG_20230220_195539_787-600x800.jpg 600w, https:\/\/press.no\/internside\/wp-content\/uploads\/sites\/6\/2023\/04\/IMG_20230220_195539_787-800x1067.jpg 800w, https:\/\/press.no\/internside\/wp-content\/uploads\/sites\/6\/2023\/04\/IMG_20230220_195539_787.jpg 828w\" data-sizes=\"auto\" data-orig-sizes=\"(max-width: 1024px) 100vw, (max-width: 640px) 100vw, 600px\" \/><\/span><\/div><\/div><\/div><style type=\"text\/css\">.fusion-body .fusion-builder-column-3{width:33.333333333333% !important;margin-top : 0px;margin-bottom : 20px;}.fusion-builder-column-3 > .fusion-column-wrapper {padding-top : 0px !important;padding-right : 0px !important;margin-right : 5.76%;padding-bottom : 0px !important;padding-left : 0px !important;margin-left : 5.76%;}@media only screen and (max-width:1024px) {.fusion-body .fusion-builder-column-3{width:100% !important;order : 0;}.fusion-builder-column-3 > .fusion-column-wrapper {margin-right : 1.92%;margin-left : 1.92%;}}@media only screen and (max-width:640px) {.fusion-body .fusion-builder-column-3{width:100% !important;order : 0;}.fusion-builder-column-3 > .fusion-column-wrapper {margin-right : 1.92%;margin-left : 1.92%;}}<\/style><div class=\"fusion-layout-column fusion_builder_column fusion-builder-column-4 fusion_builder_column_1_3 1_3 fusion-flex-column\"><div class=\"fusion-column-wrapper fusion-flex-justify-content-flex-start fusion-content-layout-column\" style=\"background-position:left top;background-repeat:no-repeat;-webkit-background-size:cover;-moz-background-size:cover;-o-background-size:cover;background-size:cover;padding: 0px 0px 0px 0px;\"><div ><span class=\" fusion-imageframe imageframe-none imageframe-3 hover-type-none\"><img decoding=\"async\" width=\"633\" image_height=\"1024\" image_id=\"2977\" title=\"screenshot buttons\" src=\"https:\/\/press.no\/internside\/wp-content\/uploads\/sites\/6\/2023\/04\/screenshot-buttons.jpg\" data-orig-src=\"https:\/\/press.no\/internside\/wp-content\/uploads\/sites\/6\/2023\/04\/screenshot-buttons-633x1024.jpg\" class=\"lazyload img-responsive wp-image-2977\" srcset=\"data:image\/svg+xml,%3Csvg%20xmlns%3D%27http%3A%2F%2Fwww.w3.org%2F2000%2Fsvg%27%20width%3D%271080%27%20height%3D%271747%27%20viewBox%3D%270%200%201080%201747%27%3E%3Crect%20width%3D%271080%27%20height%3D%2731747%27%20fill-opacity%3D%220%22%2F%3E%3C%2Fsvg%3E\" data-srcset=\"https:\/\/press.no\/internside\/wp-content\/uploads\/sites\/6\/2023\/04\/screenshot-buttons-200x324.jpg 200w, https:\/\/press.no\/internside\/wp-content\/uploads\/sites\/6\/2023\/04\/screenshot-buttons-400x647.jpg 400w, https:\/\/press.no\/internside\/wp-content\/uploads\/sites\/6\/2023\/04\/screenshot-buttons-600x971.jpg 600w, https:\/\/press.no\/internside\/wp-content\/uploads\/sites\/6\/2023\/04\/screenshot-buttons-800x1294.jpg 800w, https:\/\/press.no\/internside\/wp-content\/uploads\/sites\/6\/2023\/04\/screenshot-buttons.jpg 1080w\" data-sizes=\"auto\" data-orig-sizes=\"(max-width: 1024px) 100vw, (max-width: 640px) 100vw, 600px\" \/><\/span><\/div><\/div><\/div><style type=\"text\/css\">.fusion-body .fusion-builder-column-4{width:33.333333333333% !important;margin-top : 0px;margin-bottom : 20px;}.fusion-builder-column-4 > .fusion-column-wrapper {padding-top : 0px !important;padding-right : 0px !important;margin-right : 5.76%;padding-bottom : 0px !important;padding-left : 0px !important;margin-left : 5.76%;}@media only screen and (max-width:1024px) {.fusion-body .fusion-builder-column-4{width:100% !important;order : 0;}.fusion-builder-column-4 > .fusion-column-wrapper {margin-right : 1.92%;margin-left : 1.92%;}}@media only screen and (max-width:640px) {.fusion-body .fusion-builder-column-4{width:100% !important;order : 0;}.fusion-builder-column-4 > .fusion-column-wrapper {margin-right : 1.92%;margin-left : 1.92%;}}<\/style><\/div><style type=\"text\/css\">.fusion-body .fusion-flex-container.fusion-builder-row-3{ padding-top : 0px;margin-top : 0px;padding-right : 0px;padding-bottom : 0px;margin-bottom : 0px;padding-left : 0px;}<\/style><\/div><\/p>\n","protected":false},"excerpt":{"rendered":"","protected":false},"author":16,"featured_media":0,"parent":0,"menu_order":0,"comment_status":"closed","ping_status":"closed","template":"","meta":{"_acf_changed":false,"footnotes":""},"acf":[],"_links":{"self":[{"href":"https:\/\/press.no\/internside\/wp-json\/wp\/v2\/pages\/2973"}],"collection":[{"href":"https:\/\/press.no\/internside\/wp-json\/wp\/v2\/pages"}],"about":[{"href":"https:\/\/press.no\/internside\/wp-json\/wp\/v2\/types\/page"}],"author":[{"embeddable":true,"href":"https:\/\/press.no\/internside\/wp-json\/wp\/v2\/users\/16"}],"replies":[{"embeddable":true,"href":"https:\/\/press.no\/internside\/wp-json\/wp\/v2\/comments?post=2973"}],"version-history":[{"count":4,"href":"https:\/\/press.no\/internside\/wp-json\/wp\/v2\/pages\/2973\/revisions"}],"predecessor-version":[{"id":2980,"href":"https:\/\/press.no\/internside\/wp-json\/wp\/v2\/pages\/2973\/revisions\/2980"}],"wp:attachment":[{"href":"https:\/\/press.no\/internside\/wp-json\/wp\/v2\/media?parent=2973"}],"curies":[{"name":"wp","href":"https:\/\/api.w.org\/{rel}","templated":true}]}}