{"id":2737,"date":"2023-01-17T10:19:47","date_gmt":"2023-01-17T09:19:47","guid":{"rendered":"https:\/\/press.no\/internside\/?page_id=2737"},"modified":"2023-04-25T11:13:44","modified_gmt":"2023-04-25T09:13:44","slug":"gullbarbie-some","status":"publish","type":"page","link":"https:\/\/press.no\/internside\/varkampanjen\/gullbarbie-some\/","title":{"rendered":"V\u00e5rkampanjen sosiale medier"},"content":{"rendered":"<p><div class=\"fusion-fullwidth fullwidth-box fusion-builder-row-1 nonhundred-percent-fullwidth non-hundred-percent-height-scrolling\" style=\"background-color: #ffffff;background-position: center center;background-repeat: no-repeat;padding-top:0px;padding-right:0px;padding-bottom:0px;padding-left:0px;margin-bottom: 0px;margin-top: 0px;border-width: 0px 0px 0px 0px;border-color:#eae9e9;border-style:solid;\" ><div class=\"fusion-builder-row fusion-row\"><div class=\"fusion-layout-column fusion_builder_column fusion-builder-column-0 fusion_builder_column_1_1 1_1 fusion-one-full fusion-column-first fusion-column-last\" style=\"margin-top:0px;margin-bottom:0px;\"><div class=\"fusion-column-wrapper fusion-flex-column-wrapper-legacy\" style=\"background-position:left top;background-repeat:no-repeat;-webkit-background-size:cover;-moz-background-size:cover;-o-background-size:cover;background-size:cover;padding: 0px 0px 0px 0px;\"><style type=\"text\/css\">.fusion-breadcrumbs.fusion-breadcrumbs-1{font-size:10px;}.fusion-breadcrumbs.fusion-breadcrumbs-1 span a:hover{color:#333333 !important;}.fusion-breadcrumbs.fusion-breadcrumbs-1{color:#333333;}.fusion-breadcrumbs.fusion-breadcrumbs-1 a{color:#333333;}<\/style><div class=\"fusion-breadcrumbs fusion-breadcrumbs-1\"><span class=\"fusion-breadcrumb-item\"><a href=\"https:\/\/press.no\/internside\" class=\"fusion-breadcrumb-link\"><span >Home<\/span><\/a><\/span><span class=\"fusion-breadcrumb-sep\">\/<\/span><\/div><div class=\"fusion-sep-clear\"><\/div><div class=\"fusion-separator fusion-full-width-sep\" style=\"margin-left: auto;margin-right: auto;margin-top:30px;width:100%;\"><\/div><div class=\"fusion-sep-clear\"><\/div><span class=\" fusion-imageframe imageframe-none imageframe-1 hover-type-none\"><img decoding=\"async\" width=\"1920\" image_height=\"373\" image_id=\"1473\" title=\"Header kom og media\" src=\"https:\/\/press.no\/internside\/wp-content\/uploads\/sites\/6\/2020\/12\/Header-kom-og-media.png\" data-orig-src=\"https:\/\/press.no\/internside\/wp-content\/uploads\/sites\/6\/2020\/12\/Header-kom-og-media.png\" class=\"lazyload img-responsive wp-image-1473\" srcset=\"data:image\/svg+xml,%3Csvg%20xmlns%3D%27http%3A%2F%2Fwww.w3.org%2F2000%2Fsvg%27%20width%3D%271920%27%20height%3D%27373%27%20viewBox%3D%270%200%201920%20373%27%3E%3Crect%20width%3D%271920%27%20height%3D%273373%27%20fill-opacity%3D%220%22%2F%3E%3C%2Fsvg%3E\" data-srcset=\"https:\/\/press.no\/internside\/wp-content\/uploads\/sites\/6\/2020\/12\/Header-kom-og-media-200x39.png 200w, https:\/\/press.no\/internside\/wp-content\/uploads\/sites\/6\/2020\/12\/Header-kom-og-media-400x78.png 400w, https:\/\/press.no\/internside\/wp-content\/uploads\/sites\/6\/2020\/12\/Header-kom-og-media-600x117.png 600w, https:\/\/press.no\/internside\/wp-content\/uploads\/sites\/6\/2020\/12\/Header-kom-og-media-800x155.png 800w, https:\/\/press.no\/internside\/wp-content\/uploads\/sites\/6\/2020\/12\/Header-kom-og-media-1200x233.png 1200w, https:\/\/press.no\/internside\/wp-content\/uploads\/sites\/6\/2020\/12\/Header-kom-og-media.png 1920w\" data-sizes=\"auto\" data-orig-sizes=\"(max-width: 800px) 100vw, 1920px\" \/><\/span><style type=\"text\/css\"><\/style><div class=\"fusion-title title fusion-title-1 fusion-sep-none fusion-title-center fusion-title-text fusion-title-size-two\" style=\"margin-top:35px;margin-bottom:31px;\"><h2 class=\"title-heading-center\" style=\"margin:0;\"><span style=\"font-weight: 400;\">Hvordan Press skal ta over verden, en sosiale medier-post av gangen\u00a0<\/span><\/h2><\/div><div class=\"fusion-sep-clear\"><\/div><div class=\"fusion-separator fusion-has-icon fusion-full-width-sep\" style=\"margin-left: auto;margin-right: auto;margin-top:-20px;margin-bottom:15px;width:100%;\"><div class=\"fusion-separator-border sep-single sep-solid\" style=\"border-color:#c13e27;border-top-width:1px;\"><\/div><span class=\"icon-wrapper\" style=\"border-color:transparent;font-size:19px;width: 1.75em; height: 1.75em;border-width:1px;padding:1px;margin-top:-0.5px\"><i class=\"fa-camera-retro fas\" style=\"font-size: inherit;color:#c13e27;\" aria-hidden=\"true\"><\/i><\/span><div class=\"fusion-separator-border sep-single sep-solid\" style=\"border-color:#c13e27;border-top-width:1px;\"><\/div><\/div><div class=\"fusion-sep-clear\"><\/div><div class=\"fusion-text fusion-text-1\"><\/div><div class=\"fusion-clearfix\"><\/div><\/div><\/div><\/div><\/div><div class=\"fusion-fullwidth fullwidth-box fusion-builder-row-2 fusion-flex-container nonhundred-percent-fullwidth non-hundred-percent-height-scrolling\" style=\"background-color: #ffffff;background-position: center center;background-repeat: no-repeat;border-width: 0px 0px 0px 0px;border-color:#eae9e9;border-style:solid;\" ><div class=\"fusion-builder-row fusion-row fusion-flex-align-items-flex-start\" style=\"max-width:1248px;margin-left: calc(-4% \/ 2 );margin-right: calc(-4% \/ 2 );\"><div class=\"fusion-layout-column fusion_builder_column fusion-builder-column-1 fusion_builder_column_1_1 1_1 fusion-flex-column\"><div class=\"fusion-column-wrapper fusion-flex-justify-content-flex-start fusion-content-layout-column\" style=\"background-position:left top;background-repeat:no-repeat;-webkit-background-size:cover;-moz-background-size:cover;-o-background-size:cover;background-size:cover;padding: 0px 0px 0px 0px;\"><div class=\"fusion-text fusion-text-2\"><p style=\"text-align: center;\"><span style=\"font-weight: 400;\">Savnet-kampanjen har som hensikt \u00e5 spre informasjon om hvordan enslige asyls\u00f8kende barn har forsvunnet fra asylmottak i Norge. En av m\u00e5tene Press n\u00e5r ut med budskapet v\u00e5rt til m\u00e5lgruppen vi \u00f8nsker \u00e5 n\u00e5 er gjennom sosiale medier. P\u00e5 sosiale medier kan vi sette dagsorden p\u00e5 v\u00e5re egne premisser, skape debatt rundt temaer som er viktige for oss og vise potensielle medlemmer hvor kult det er \u00e5 v\u00e6re med i Press!\u00a0<\/span><\/p>\n<p style=\"text-align: center;\"><span style=\"font-weight: 400;\">Det er under kampanjer at Press sentralt er mest aktive p\u00e5 sosiale medier. Dette gir dere i lokallag eller som direktemedlemmer en god mulighet til \u00e5 n\u00e5 ut til potensielle medlemmer i deres n\u00e6romr\u00e5de, enten det er gjennom \u00e5 dele noe Press har lagt ut p\u00e5 story, eller publisere egne innlegg om tematikken. Uansett hva dere gj\u00f8r er det med p\u00e5 \u00e5 sette fokus p\u00e5 hvordan dagens asylsystem diskriminerer barn!<\/span><\/p>\n<p style=\"text-align: center;\"><b>Vil du hjelpe Press \u00e5 n\u00e5 nye h\u00f8yder p\u00e5 sosiale medier? Her er noen ting du kan gj\u00f8re.<\/b><\/p>\n<ul style=\"text-align: center;\">\n<li style=\"font-weight: 400;\" aria-level=\"1\"><span style=\"font-weight: 400;\">Press trenger din hjelp! Husk \u00e5 like, kommentere og dele p\u00e5 story det vi legger ut. Da f\u00e5r flere andre innleggene opp i sin feed.\u00a0<\/span><\/li>\n<li style=\"font-weight: 400;\" aria-level=\"1\"><span style=\"font-weight: 400;\">Vi \u00f8nsker \u00e5 bruke Savnet-kampanjen som et verkt\u00f8y for \u00e5 skape debatt. Det er derfor viktig at Pressere bidrar til \u00e5 skape debatt i kommentarfeltene! Da blir det ogs\u00e5 lettere for andre ikke-medlemmer \u00e5 kommentere.\u00a0<\/span><\/li>\n<\/ul>\n<p style=\"text-align: center;\"><span style=\"font-weight: 400;\">V\u00e6r aktive p\u00e5 deres egne lokallagsbrukere, og post (b\u00e5de innlegg og story) n\u00e5r dere gj\u00f8r ting. Har dere en kul aksjon i lokallaget? Er dere p\u00e5 skolebes\u00f8k? Ta bilder! Husk \u00e5 tagge @pressrbu eller sende det til <\/span><a href=\"mailto:mina@press.no\"><span style=\"font-weight: 400;\">mina@press.no<\/span><\/a><span style=\"font-weight: 400;\"> s\u00e5nn at vi kan dele videre. <\/span><span style=\"font-weight: 400;\">Det er laget flere poster som dere kan poste p\u00e5 deres brukere. Det kommer ogs\u00e5 til \u00e5 bli lastet opp flere poster i l\u00f8pet av kampanjen, s\u00e5 f\u00f8lg med! Har du et \u00f8nske om en post eller grafikk? Ta kontakt med <\/span><a href=\"mailto:mina@press.no\"><span style=\"font-weight: 400;\">mina@press.no<\/span><\/a><\/p>\n<\/div><\/div><\/div><style type=\"text\/css\">.fusion-body .fusion-builder-column-1{width:100% !important;margin-top : 0px;margin-bottom : 20px;}.fusion-builder-column-1 > .fusion-column-wrapper {padding-top : 0px !important;padding-right : 0px !important;margin-right : 1.152%;padding-bottom : 0px !important;padding-left : 0px !important;margin-left : 1.92%;}@media only screen and (max-width:1024px) {.fusion-body .fusion-builder-column-1{width:100% !important;order : 0;}.fusion-builder-column-1 > .fusion-column-wrapper {margin-right : 1.92%;margin-left : 1.92%;}}@media only screen and (max-width:640px) {.fusion-body .fusion-builder-column-1{width:100% !important;order : 0;}.fusion-builder-column-1 > .fusion-column-wrapper {margin-right : 1.92%;margin-left : 1.92%;}}<\/style><\/div><style type=\"text\/css\">.fusion-body .fusion-flex-container.fusion-builder-row-2{ padding-top : 0px;margin-top : 0px;padding-right : 0px;padding-bottom : 0px;margin-bottom : 0px;padding-left : 0px;}<\/style><\/div><div class=\"fusion-fullwidth fullwidth-box fusion-builder-row-3 fusion-flex-container nonhundred-percent-fullwidth non-hundred-percent-height-scrolling\" style=\"background-color: #ffffff;background-position: center center;background-repeat: no-repeat;border-width: 0px 0px 0px 0px;border-color:#eae9e9;border-style:solid;\" ><div class=\"fusion-builder-row fusion-row fusion-flex-align-items-flex-start\" style=\"max-width:1248px;margin-left: calc(-4% \/ 2 );margin-right: calc(-4% \/ 2 );\"><div class=\"fusion-layout-column fusion_builder_column fusion-builder-column-2 fusion_builder_column_1_1 1_1 fusion-flex-column\"><div class=\"fusion-column-wrapper fusion-flex-justify-content-flex-start fusion-content-layout-column\" style=\"background-position:left top;background-repeat:no-repeat;-webkit-background-size:cover;-moz-background-size:cover;-o-background-size:cover;background-size:cover;padding: 0px 0px 0px 0px;\"><style type=\"text\/css\">@media only screen and (max-width:1024px) {.fusion-title.fusion-title-2{margin-top:0px!important;margin-bottom:31px!important;}}<\/style><div class=\"fusion-title title fusion-title-2 sep-underline sep-solid fusion-title-center fusion-title-text fusion-title-size-two\" style=\"border-bottom-color:#c13e27;margin-top:0px;margin-bottom:31px;\"><h2 class=\"title-heading-center\" style=\"margin:0;\">Maler til sosiale medier<\/h2><\/div><iframe loading=\"lazy\" src=\"https:\/\/drive.google.com\/embeddedfolderview?id=1FPho7-q0c2cixFeJ_TYtPNCa5nS2GlYz#grid\n\" frameborder=\"0\" width=\"100%\" height=\"400px\" scrolling=\"auto\"> <\/iframe><\/div><\/div><style type=\"text\/css\">.fusion-body .fusion-builder-column-2{width:100% !important;margin-top : 0px;margin-bottom : 20px;}.fusion-builder-column-2 > .fusion-column-wrapper {padding-top : 0px !important;padding-right : 0px !important;margin-right : 1.92%;padding-bottom : 0px !important;padding-left : 0px !important;margin-left : 1.92%;}@media only screen and (max-width:1024px) {.fusion-body .fusion-builder-column-2{width:100% !important;order : 0;}.fusion-builder-column-2 > .fusion-column-wrapper {margin-right : 1.92%;margin-left : 1.92%;}}@media only screen and (max-width:640px) {.fusion-body .fusion-builder-column-2{width:100% !important;order : 0;}.fusion-builder-column-2 > .fusion-column-wrapper {margin-right : 1.92%;margin-left : 1.92%;}}<\/style><\/div><style type=\"text\/css\">.fusion-body .fusion-flex-container.fusion-builder-row-3{ padding-top : 0px;margin-top : 0px;padding-right : 0px;padding-bottom : 0px;margin-bottom : 0px;padding-left : 0px;}<\/style><\/div><div class=\"fusion-fullwidth fullwidth-box fusion-builder-row-4 fusion-flex-container nonhundred-percent-fullwidth non-hundred-percent-height-scrolling\" style=\"background-color: #ffffff;background-position: center center;background-repeat: no-repeat;border-width: 0px 0px 0px 0px;border-color:#eae9e9;border-style:solid;\" ><div class=\"fusion-builder-row fusion-row fusion-flex-align-items-center\" style=\"max-width:1248px;margin-left: calc(-4% \/ 2 );margin-right: calc(-4% \/ 2 );\"><div class=\"fusion-layout-column fusion_builder_column fusion-builder-column-3 fusion_builder_column_1_1 1_1 fusion-flex-column\"><div class=\"fusion-column-wrapper fusion-flex-justify-content-flex-start fusion-content-layout-column\" style=\"background-position:left top;background-repeat:no-repeat;-webkit-background-size:cover;-moz-background-size:cover;-o-background-size:cover;background-size:cover;padding: 0px 0px 0px 0px;\"><div class=\"fusion-section-separator section-separator bigtriangle fusion-section-separator-1\"><div class=\"fusion-section-separator-svg\" style=\"padding:0;\"><svg class=\"fusion-big-triangle-candy\" xmlns=\"http:\/\/www.w3.org\/2000\/svg\" version=\"1.1\" width=\"100%\" height=\"100\" viewBox=\"0 0 100 100\" preserveAspectRatio=\"none\" style=\"fill:rgba(193,62,39,0.69);padding:0;\"><path d=\"M0 -1 L25 100 L101 -1 Z\"><\/path><\/svg><\/div><div class=\"fusion-section-separator-spacer\"><div class=\"fusion-section-separator-spacer-height\" style=\"height:99px;\"><\/div><\/div><style type=\"text\/css\">.fusion-section-separator-1 .fusion-section-separator-svg {margin-left:1.92%;margin-right:1.92%;}@media only screen and (max-width:1024px) {.fusion-section-separator-1 .fusion-section-separator-svg {margin-left:1.92%;margin-right:1.92%;}}@media only screen and (max-width:640px) {.fusion-section-separator-1 .fusion-section-separator-svg {margin-left:1.92%;margin-right:1.92%;}}<\/style><\/div><\/div><\/div><style type=\"text\/css\">.fusion-body .fusion-builder-column-3{width:100% !important;margin-top : 0px;margin-bottom : 20px;}.fusion-builder-column-3 > .fusion-column-wrapper {padding-top : 0px !important;padding-right : 0px !important;margin-right : 1.92%;padding-bottom : 0px !important;padding-left : 0px !important;margin-left : 1.92%;}@media only screen and (max-width:1024px) {.fusion-body .fusion-builder-column-3{width:100% !important;order : 0;}.fusion-builder-column-3 > .fusion-column-wrapper {margin-right : 1.92%;margin-left : 1.92%;}}@media only screen and (max-width:640px) {.fusion-body .fusion-builder-column-3{width:100% !important;order : 0;}.fusion-builder-column-3 > .fusion-column-wrapper {margin-right : 1.92%;margin-left : 1.92%;}}<\/style><div class=\"fusion-layout-column fusion_builder_column fusion-builder-column-4 fusion_builder_column_3_5 3_5 fusion-flex-column\"><div class=\"fusion-column-wrapper fusion-flex-justify-content-flex-start fusion-content-layout-column\" style=\"background-position:left top;background-repeat:no-repeat;-webkit-background-size:cover;-moz-background-size:cover;-o-background-size:cover;background-size:cover;padding: 0px 0px 0px 0px;\"><style type=\"text\/css\">@media only screen and (max-width:1024px) {.fusion-title.fusion-title-3{margin-top:0px!important;margin-bottom:31px!important;}}<\/style><div class=\"fusion-title title fusion-title-3 fusion-title-center fusion-title-text fusion-title-size-two\" style=\"margin-top:0px;margin-bottom:31px;\"><div class=\"title-sep-container title-sep-container-left\"><div class=\"title-sep sep-double sep-solid\" style=\"border-color:#e0dede;\"><\/div><\/div><h2 class=\"title-heading-center\" style=\"margin:0;\"><p style=\"text-align: center;\">Trenger du hjelp med sosiale medier?<\/p><\/h2><div class=\"title-sep-container title-sep-container-right\"><div class=\"title-sep sep-double sep-solid\" style=\"border-color:#e0dede;\"><\/div><\/div><\/div><div class=\"fusion-text fusion-text-3\"><p>Sosiale medier, fonter, grafikk eller delebilder er ikke alltid like lett \u00e5 forst\u00e5 seg p\u00e5. Hvis du har noen sp\u00f8rsm\u00e5l er det bare \u00e5 ta kontakt med v\u00e5r kommunikasjonsr\u00e5dgiver, Mina p\u00e5 <a href=\"mailto:mina@press.no\">mina@press.no<\/a>.\u00a0<\/p>\n<\/div><\/div><\/div><style type=\"text\/css\">.fusion-body .fusion-builder-column-4{width:60% !important;margin-top : 0px;margin-bottom : 20px;}.fusion-builder-column-4 > .fusion-column-wrapper {padding-top : 0px !important;padding-right : 0px !important;margin-right : 3.2%;padding-bottom : 0px !important;padding-left : 0px !important;margin-left : 3.2%;}@media only screen and (max-width:1024px) {.fusion-body .fusion-builder-column-4{width:100% !important;order : 0;}.fusion-builder-column-4 > .fusion-column-wrapper {margin-right : 1.92%;margin-left : 1.92%;}}@media only screen and (max-width:640px) {.fusion-body .fusion-builder-column-4{width:100% !important;order : 0;}.fusion-builder-column-4 > .fusion-column-wrapper {margin-right : 1.92%;margin-left : 1.92%;}}<\/style><div class=\"fusion-layout-column fusion_builder_column fusion-builder-column-5 fusion_builder_column_2_5 2_5 fusion-flex-column\"><div class=\"fusion-column-wrapper fusion-flex-justify-content-flex-start fusion-content-layout-column\" style=\"background-position:left top;background-repeat:no-repeat;-webkit-background-size:cover;-moz-background-size:cover;-o-background-size:cover;background-size:cover;padding: 0px 0px 0px 0px;\"><div ><span class=\" fusion-imageframe imageframe-none imageframe-2 hover-type-none\"><img decoding=\"async\" width=\"1920\" image_height=\"2560\" image_id=\"2690\" title=\"mina portrettbilde\" src=\"https:\/\/press.no\/internside\/wp-content\/uploads\/sites\/6\/2023\/01\/mina-portrettbilde-scaled.jpg\" data-orig-src=\"https:\/\/press.no\/internside\/wp-content\/uploads\/sites\/6\/2023\/01\/mina-portrettbilde-scaled.jpg\" class=\"lazyload img-responsive wp-image-2690\" srcset=\"data:image\/svg+xml,%3Csvg%20xmlns%3D%27http%3A%2F%2Fwww.w3.org%2F2000%2Fsvg%27%20width%3D%271920%27%20height%3D%272560%27%20viewBox%3D%270%200%201920%202560%27%3E%3Crect%20width%3D%271920%27%20height%3D%2732560%27%20fill-opacity%3D%220%22%2F%3E%3C%2Fsvg%3E\" data-srcset=\"https:\/\/press.no\/internside\/wp-content\/uploads\/sites\/6\/2023\/01\/mina-portrettbilde-200x267.jpg 200w, https:\/\/press.no\/internside\/wp-content\/uploads\/sites\/6\/2023\/01\/mina-portrettbilde-400x533.jpg 400w, https:\/\/press.no\/internside\/wp-content\/uploads\/sites\/6\/2023\/01\/mina-portrettbilde-600x800.jpg 600w, https:\/\/press.no\/internside\/wp-content\/uploads\/sites\/6\/2023\/01\/mina-portrettbilde-800x1067.jpg 800w, https:\/\/press.no\/internside\/wp-content\/uploads\/sites\/6\/2023\/01\/mina-portrettbilde-1200x1600.jpg 1200w, https:\/\/press.no\/internside\/wp-content\/uploads\/sites\/6\/2023\/01\/mina-portrettbilde-scaled.jpg 1920w\" data-sizes=\"auto\" data-orig-sizes=\"(max-width: 1024px) 100vw, (max-width: 640px) 100vw, 600px\" \/><\/span><\/div><\/div><\/div><style type=\"text\/css\">.fusion-body .fusion-builder-column-5{width:40% !important;margin-top : 0px;margin-bottom : 20px;}.fusion-builder-column-5 > .fusion-column-wrapper {padding-top : 0px !important;padding-right : 0px !important;margin-right : 4.8%;padding-bottom : 0px !important;padding-left : 0px !important;margin-left : 4.8%;}@media only screen and (max-width:1024px) {.fusion-body .fusion-builder-column-5{width:100% !important;order : 0;}.fusion-builder-column-5 > .fusion-column-wrapper {margin-right : 1.92%;margin-left : 1.92%;}}@media only screen and (max-width:640px) {.fusion-body .fusion-builder-column-5{width:100% !important;order : 0;}.fusion-builder-column-5 > .fusion-column-wrapper {margin-right : 1.92%;margin-left : 1.92%;}}<\/style><\/div><style type=\"text\/css\">.fusion-body .fusion-flex-container.fusion-builder-row-4{ padding-top : 0px;margin-top : 30;padding-right : 0px;padding-bottom : 0px;margin-bottom : 0px;padding-left : 0px;}<\/style><\/div><\/p>\n","protected":false},"excerpt":{"rendered":"","protected":false},"author":16,"featured_media":0,"parent":2094,"menu_order":0,"comment_status":"closed","ping_status":"closed","template":"","meta":{"footnotes":""},"acf":[],"_links":{"self":[{"href":"https:\/\/press.no\/internside\/wp-json\/wp\/v2\/pages\/2737"}],"collection":[{"href":"https:\/\/press.no\/internside\/wp-json\/wp\/v2\/pages"}],"about":[{"href":"https:\/\/press.no\/internside\/wp-json\/wp\/v2\/types\/page"}],"author":[{"embeddable":true,"href":"https:\/\/press.no\/internside\/wp-json\/wp\/v2\/users\/16"}],"replies":[{"embeddable":true,"href":"https:\/\/press.no\/internside\/wp-json\/wp\/v2\/comments?post=2737"}],"version-history":[{"count":19,"href":"https:\/\/press.no\/internside\/wp-json\/wp\/v2\/pages\/2737\/revisions"}],"predecessor-version":[{"id":3062,"href":"https:\/\/press.no\/internside\/wp-json\/wp\/v2\/pages\/2737\/revisions\/3062"}],"up":[{"embeddable":true,"href":"https:\/\/press.no\/internside\/wp-json\/wp\/v2\/pages\/2094"}],"wp:attachment":[{"href":"https:\/\/press.no\/internside\/wp-json\/wp\/v2\/media?parent=2737"}],"curies":[{"name":"wp","href":"https:\/\/api.w.org\/{rel}","templated":true}]}}