{"id":2536,"date":"2022-09-29T13:53:03","date_gmt":"2022-09-29T11:53:03","guid":{"rendered":"https:\/\/press.no\/internside\/?page_id=2536"},"modified":"2022-09-29T13:53:03","modified_gmt":"2022-09-29T11:53:03","slug":"hostkampanjen-hva-er-skolehelsetjenesten","status":"publish","type":"page","link":"https:\/\/press.no\/internside\/helt-psykt\/hostkampanjen-hva-er-skolehelsetjenesten\/","title":{"rendered":"H\u00f8stkampanjen Hva er skolehelsetjenesten"},"content":{"rendered":"<p><div class=\"fusion-fullwidth fullwidth-box fusion-builder-row-1 nonhundred-percent-fullwidth non-hundred-percent-height-scrolling\" style=\"background-color: #ffffff;background-position: center center;background-repeat: no-repeat;padding-top:0px;padding-right:0px;padding-bottom:0px;padding-left:0px;margin-bottom: 0px;margin-top: 0px;border-width: 0px 0px 0px 0px;border-color:#eae9e9;border-style:solid;\" ><div class=\"fusion-builder-row fusion-row\"><div class=\"fusion-layout-column fusion_builder_column fusion-builder-column-0 fusion_builder_column_1_1 1_1 fusion-one-full fusion-column-first fusion-column-last\" style=\"margin-top:0px;margin-bottom:0px;\"><div class=\"fusion-column-wrapper fusion-flex-column-wrapper-legacy\" style=\"background-position:left top;background-repeat:no-repeat;-webkit-background-size:cover;-moz-background-size:cover;-o-background-size:cover;background-size:cover;padding: 0px 0px 0px 0px;\"><div class=\"fusion-sep-clear\"><\/div><div class=\"fusion-separator fusion-full-width-sep\" style=\"margin-left: auto;margin-right: auto;margin-top:60px;margin-bottom:30px;width:100%;\"><\/div><div class=\"fusion-sep-clear\"><\/div><span class=\" fusion-imageframe imageframe-none imageframe-1 hover-type-none\"><img decoding=\"async\" width=\"1875\" image_height=\"694\" image_id=\"2107\" title=\"Header str\" src=\"https:\/\/press.no\/internside\/wp-content\/uploads\/sites\/6\/2022\/01\/Header-str.jpg\" data-orig-src=\"https:\/\/press.no\/internside\/wp-content\/uploads\/sites\/6\/2022\/01\/Header-str.jpg\" class=\"lazyload img-responsive wp-image-2107\" srcset=\"data:image\/svg+xml,%3Csvg%20xmlns%3D%27http%3A%2F%2Fwww.w3.org%2F2000%2Fsvg%27%20width%3D%271875%27%20height%3D%27694%27%20viewBox%3D%270%200%201875%20694%27%3E%3Crect%20width%3D%271875%27%20height%3D%273694%27%20fill-opacity%3D%220%22%2F%3E%3C%2Fsvg%3E\" data-srcset=\"https:\/\/press.no\/internside\/wp-content\/uploads\/sites\/6\/2022\/01\/Header-str-200x74.jpg 200w, https:\/\/press.no\/internside\/wp-content\/uploads\/sites\/6\/2022\/01\/Header-str-400x148.jpg 400w, https:\/\/press.no\/internside\/wp-content\/uploads\/sites\/6\/2022\/01\/Header-str-600x222.jpg 600w, https:\/\/press.no\/internside\/wp-content\/uploads\/sites\/6\/2022\/01\/Header-str-800x296.jpg 800w, https:\/\/press.no\/internside\/wp-content\/uploads\/sites\/6\/2022\/01\/Header-str-1200x444.jpg 1200w, https:\/\/press.no\/internside\/wp-content\/uploads\/sites\/6\/2022\/01\/Header-str.jpg 1875w\" data-sizes=\"auto\" data-orig-sizes=\"(max-width: 800px) 100vw, 1875px\" \/><\/span><style type=\"text\/css\"><\/style><div class=\"fusion-title title fusion-title-1 fusion-sep-none fusion-title-center fusion-title-text fusion-title-size-two\" style=\"margin-top:35px;margin-bottom:31px;\"><h2 class=\"title-heading-center\" style=\"margin:0;\">Hva er skolehelsetjenesten?<\/h2><\/div><div class=\"fusion-sep-clear\"><\/div><div class=\"fusion-separator fusion-has-icon fusion-full-width-sep\" style=\"margin-left: auto;margin-right: auto;margin-top:-20px;margin-bottom:15px;width:100%;\"><div class=\"fusion-separator-border sep-single sep-solid\" style=\"border-color:#2a426e;border-top-width:1px;\"><\/div><span class=\"icon-wrapper\" style=\"border-color:transparent;font-size:19px;width: 1.75em; height: 1.75em;border-width:1px;padding:1px;margin-top:-0.5px\"><i class=\"fa-file-alt fas\" style=\"font-size: inherit;color:#2a426e;\" aria-hidden=\"true\"><\/i><\/span><div class=\"fusion-separator-border sep-single sep-solid\" style=\"border-color:#2a426e;border-top-width:1px;\"><\/div><\/div><div class=\"fusion-sep-clear\"><\/div><div class=\"fusion-text fusion-text-1\"><p style=\"text-align: center;\"><span style=\"font-weight: 400;\">I f\u00f8lge Helse Norge er skolehelsetjenesten:<\/span><\/p>\n<blockquote>\n<p style=\"text-align: center;\"><i><span style=\"font-weight: 400;\">\u201cet gratis tilbud for alle elever p\u00e5 barneskole. ungdomsskole og videreg\u00e5ende skole. I skolehelsetjenesten kan du f\u00e5 hjelp av helsesykepleiere og noen ganger ogs\u00e5 skolelege, fysioterapaut og psykolog.\u201d<\/span><\/i><\/p>\n<\/blockquote>\n<p style=\"text-align: center;\"><span style=\"font-weight: 400;\">Skolehelsetjenesten er en kommunal tjeneste p\u00e5 skolen som skal bidra til god helse blant barn og ungdom, slik at de opplever mestring, trivsel og struktur i skolehverdagen. Selv p\u00e5 videreg\u00e5ende skole, som fylkeskommunen har ansvar for, s\u00e5 har ogs\u00e5 kommunen ansvar for skolehelsetjenesten. Det betyr at det er opp til hver enkelt kommune om hvor god deres skolehelsetjeneste skal v\u00e6re.\u00a0<\/span><\/p>\n<p style=\"text-align: center;\"><span style=\"font-weight: 400;\">Skolehelsetjenesten har noen praktiske og definerte ansvarsomr\u00e5der, og andre som handler mer om psykisk helse og trivsel. Blant de praktiske omr\u00e5dene vil v\u00e6re \u00e5 ha ansvar for vaksinering av elevene helt opp til videreg\u00e5ende skole.\u00a0<\/span><\/p>\n<p style=\"text-align: center;\"><span style=\"font-weight: 400;\">Skolehelsetjenesten har ogs\u00e5 ansvar for den psykiske helsen blant elevene og helsesykepleier skal ogs\u00e5 fungere som en man kan snakke med om og sp\u00f8rre sp\u00f8rsm\u00e5l om det man skulle trenge hjelp med. Sp\u00f8rsm\u00e5l om kropp og helse, pubertet, kj\u00e6rlighet. legning, kj\u00f8nnsidentitet, vennskap, problemer med venner eller familie, vanskelige tanker, f\u00f8lelser, og bekymringer.\u00a0<\/span><\/p>\n<\/div><div class=\"fusion-clearfix\"><\/div><\/div><\/div><\/div><\/div><div class=\"fusion-fullwidth fullwidth-box fusion-builder-row-2 fusion-flex-container nonhundred-percent-fullwidth non-hundred-percent-height-scrolling\" style=\"background-color: #ffffff;background-position: center center;background-repeat: no-repeat;border-width: 0px 0px 0px 0px;border-color:#eae9e9;border-style:solid;\" ><div class=\"fusion-builder-row fusion-row fusion-flex-align-items-flex-start\" style=\"max-width:1248px;margin-left: calc(-4% \/ 2 );margin-right: calc(-4% \/ 2 );\"><div class=\"fusion-layout-column fusion_builder_column fusion-builder-column-1 fusion_builder_column_1_1 1_1 fusion-flex-column\"><div class=\"fusion-column-wrapper fusion-flex-justify-content-flex-start fusion-content-layout-column\" style=\"background-position:left top;background-repeat:no-repeat;-webkit-background-size:cover;-moz-background-size:cover;-o-background-size:cover;background-size:cover;padding: 0px 0px 0px 0px;\"><div class=\"fusion-text fusion-text-2\"><h3 style=\"text-align: center;\"><span style=\"font-weight: 400;\">Dette h\u00f8res jo veldig bra ut, eller hva??<\/span><\/h3>\n<p style=\"text-align: center;\"><span style=\"font-weight: 400;\">Ja! Det h\u00f8res veldig fint ut &#8211; p\u00e5 papiret. Dessverre er det slik at de fleste skoler ikke har et tilbud s\u00e5 godt som beskrevet over, og det mener vi er urettferdig. Dette mener Press er feil med skolehelsetjenesten:<\/span><\/p>\n<p style=\"text-align: center;\"><span style=\"font-weight: 400;\">Skolehelsetjenesten sin kapasitet er alt for lav. I dag kan \u00e8n helsesykepleier ha ansvar for opptil 800 elever i videreg\u00e5ende skole, og noen ganger fler. 800 elever + helsesykepleier 2 dager i uka = d\u00e5rlig match. Regjeringen har en rekke \u201cnormtall\u201d for hvor mange elever det kan v\u00e6re per helsesykepleier, men det g\u00e5r som regel de fleste kommuner over. For en \u201cnormtall\u201d er ikke lovp\u00e5lagt og fungerer bare som en anbefaling\u00a0<\/span><\/p>\n<p style=\"text-align: center;\"><span style=\"font-weight: 400;\">Men hvordan kan man fikse dette sp\u00f8r du kanskje?<\/span><\/p>\n<p style=\"text-align: center;\"><span style=\"font-weight: 400;\">jo, vi i Press mener at ved \u00e5 ha helsesykepleier tilstede hver skole dag vil bidra til \u00e5 l\u00f8se nettopp dette! Selv om normtallene er for h\u00f8ye, vil det gj\u00f8re en forskjell \u00e5 ha helsesykepleier tilstede hver dag! Og derfor er det hovedm\u00e5let for kampanjen<\/span><\/p>\n<\/div><\/div><\/div><style type=\"text\/css\">.fusion-body .fusion-builder-column-1{width:100% !important;margin-top : 33px;margin-bottom : 20px;}.fusion-builder-column-1 > .fusion-column-wrapper {padding-top : 0px !important;padding-right : 0px !important;margin-right : 1.92%;padding-bottom : 0px !important;padding-left : 0px !important;margin-left : 1.92%;}@media only screen and (max-width:1024px) {.fusion-body .fusion-builder-column-1{width:100% !important;order : 0;}.fusion-builder-column-1 > .fusion-column-wrapper {margin-right : 1.92%;margin-left : 1.92%;}}@media only screen and (max-width:640px) {.fusion-body .fusion-builder-column-1{width:100% !important;order : 0;}.fusion-builder-column-1 > .fusion-column-wrapper {margin-right : 1.92%;margin-left : 1.92%;}}<\/style><\/div><style type=\"text\/css\">.fusion-body .fusion-flex-container.fusion-builder-row-2{ padding-top : 0px;margin-top : 0px;padding-right : 0px;padding-bottom : 0px;margin-bottom : 0px;padding-left : 0px;}<\/style><\/div><\/p>\n","protected":false},"excerpt":{"rendered":"","protected":false},"author":16,"featured_media":0,"parent":2468,"menu_order":0,"comment_status":"closed","ping_status":"closed","template":"","meta":{"footnotes":""},"acf":[],"_links":{"self":[{"href":"https:\/\/press.no\/internside\/wp-json\/wp\/v2\/pages\/2536"}],"collection":[{"href":"https:\/\/press.no\/internside\/wp-json\/wp\/v2\/pages"}],"about":[{"href":"https:\/\/press.no\/internside\/wp-json\/wp\/v2\/types\/page"}],"author":[{"embeddable":true,"href":"https:\/\/press.no\/internside\/wp-json\/wp\/v2\/users\/16"}],"replies":[{"embeddable":true,"href":"https:\/\/press.no\/internside\/wp-json\/wp\/v2\/comments?post=2536"}],"version-history":[{"count":6,"href":"https:\/\/press.no\/internside\/wp-json\/wp\/v2\/pages\/2536\/revisions"}],"predecessor-version":[{"id":2543,"href":"https:\/\/press.no\/internside\/wp-json\/wp\/v2\/pages\/2536\/revisions\/2543"}],"up":[{"embeddable":true,"href":"https:\/\/press.no\/internside\/wp-json\/wp\/v2\/pages\/2468"}],"wp:attachment":[{"href":"https:\/\/press.no\/internside\/wp-json\/wp\/v2\/media?parent=2536"}],"curies":[{"name":"wp","href":"https:\/\/api.w.org\/{rel}","templated":true}]}}