{"id":2351,"date":"2022-01-19T13:20:46","date_gmt":"2022-01-19T12:20:46","guid":{"rendered":"https:\/\/press.no\/internside\/?page_id=2351"},"modified":"2023-04-20T13:08:28","modified_gmt":"2023-04-20T11:08:28","slug":"verving","status":"publish","type":"page","link":"https:\/\/press.no\/internside\/varkampanjen\/verving\/","title":{"rendered":"V\u00e5rkampanjen Verving og aktive medlemmer"},"content":{"rendered":"<p><div class=\"fusion-fullwidth fullwidth-box fusion-builder-row-1 nonhundred-percent-fullwidth non-hundred-percent-height-scrolling\" style=\"background-color: #ffffff;background-position: center center;background-repeat: no-repeat;padding-top:0px;padding-right:0px;padding-bottom:0px;padding-left:0px;margin-bottom: 0px;margin-top: 0px;border-width: 0px 0px 0px 0px;border-color:#eae9e9;border-style:solid;\" ><div class=\"fusion-builder-row fusion-row\"><div class=\"fusion-layout-column fusion_builder_column fusion-builder-column-0 fusion_builder_column_1_1 1_1 fusion-one-full fusion-column-first fusion-column-last\" style=\"margin-top:0px;margin-bottom:0px;\"><div class=\"fusion-column-wrapper fusion-flex-column-wrapper-legacy\" style=\"background-position:left top;background-repeat:no-repeat;-webkit-background-size:cover;-moz-background-size:cover;-o-background-size:cover;background-size:cover;padding: 0px 0px 0px 0px;\"><style type=\"text\/css\">.fusion-breadcrumbs.fusion-breadcrumbs-1{font-size:10px;}.fusion-breadcrumbs.fusion-breadcrumbs-1 span a:hover{color:#333333 !important;}.fusion-breadcrumbs.fusion-breadcrumbs-1{color:#333333;}.fusion-breadcrumbs.fusion-breadcrumbs-1 a{color:#333333;}<\/style><div class=\"fusion-breadcrumbs fusion-breadcrumbs-1\"><span class=\"fusion-breadcrumb-item\"><a href=\"https:\/\/press.no\/internside\" class=\"fusion-breadcrumb-link\"><span >Home<\/span><\/a><\/span><span class=\"fusion-breadcrumb-sep\">\/<\/span><\/div><div class=\"fusion-sep-clear\"><\/div><div class=\"fusion-separator fusion-full-width-sep\" style=\"margin-left: auto;margin-right: auto;margin-top:30px;width:100%;\"><\/div><div class=\"fusion-sep-clear\"><\/div><span class=\" fusion-imageframe imageframe-none imageframe-1 hover-type-none\"><img decoding=\"async\" width=\"5184\" image_height=\"1368\" image_id=\"1465\" title=\"Header\" src=\"https:\/\/press.no\/internside\/wp-content\/uploads\/sites\/6\/2020\/12\/Header.png\" data-orig-src=\"https:\/\/press.no\/internside\/wp-content\/uploads\/sites\/6\/2020\/12\/Header.png\" class=\"lazyload img-responsive wp-image-1465\" srcset=\"data:image\/svg+xml,%3Csvg%20xmlns%3D%27http%3A%2F%2Fwww.w3.org%2F2000%2Fsvg%27%20width%3D%275184%27%20height%3D%271368%27%20viewBox%3D%270%200%205184%201368%27%3E%3Crect%20width%3D%275184%27%20height%3D%2731368%27%20fill-opacity%3D%220%22%2F%3E%3C%2Fsvg%3E\" data-srcset=\"https:\/\/press.no\/internside\/wp-content\/uploads\/sites\/6\/2020\/12\/Header-200x53.png 200w, https:\/\/press.no\/internside\/wp-content\/uploads\/sites\/6\/2020\/12\/Header-400x106.png 400w, https:\/\/press.no\/internside\/wp-content\/uploads\/sites\/6\/2020\/12\/Header-600x158.png 600w, https:\/\/press.no\/internside\/wp-content\/uploads\/sites\/6\/2020\/12\/Header-800x211.png 800w, https:\/\/press.no\/internside\/wp-content\/uploads\/sites\/6\/2020\/12\/Header-1200x317.png 1200w, https:\/\/press.no\/internside\/wp-content\/uploads\/sites\/6\/2020\/12\/Header.png 5184w\" data-sizes=\"auto\" data-orig-sizes=\"(max-width: 800px) 100vw, 5184px\" \/><\/span><style type=\"text\/css\"><\/style><div class=\"fusion-title title fusion-title-1 fusion-sep-none fusion-title-center fusion-title-text fusion-title-size-two\" style=\"margin-top:35px;margin-bottom:31px;\"><h2 class=\"title-heading-center\" style=\"margin:0;\">Verving og nye medlemmer<\/h2><\/div><div class=\"fusion-sep-clear\"><\/div><div class=\"fusion-separator fusion-has-icon fusion-full-width-sep\" style=\"margin-left: auto;margin-right: auto;margin-top:-20px;margin-bottom:15px;width:100%;\"><div class=\"fusion-separator-border sep-single sep-solid\" style=\"border-color:#c13e27;border-top-width:1px;\"><\/div><span class=\"icon-wrapper\" style=\"border-color:transparent;font-size:19px;width: 1.75em; height: 1.75em;border-width:1px;padding:1px;margin-top:-0.5px\"><i class=\"fa-users fas\" style=\"font-size: inherit;color:#c13e27;\" aria-hidden=\"true\"><\/i><\/span><div class=\"fusion-separator-border sep-single sep-solid\" style=\"border-color:#c13e27;border-top-width:1px;\"><\/div><\/div><div class=\"fusion-sep-clear\"><\/div><div class=\"fusion-text fusion-text-1\"><p style=\"text-align: center;\"><span style=\"font-weight: 400;\">P\u00e5 grunn av mediedekningen rundt saken i desember i fjor, er det mange som er kjent med at barn har forsvunnet fra norske asylmottak. Dette gir oss en gyllen mulighet til \u00e5 engasjere flere i asyls\u00f8kende barn sine rettigheter og f\u00e5 flere medlemmer i organisasjonen!\u00a0<\/span><\/p>\n<p style=\"text-align: center;\"><span style=\"font-weight: 400;\">Press er f\u00f8rst og fremst en medlemsorganisasjon. Det er p\u00e5 grunn av medlemmene vi kan gj\u00f8re alt vi gj\u00f8r, og det er p\u00e5 grunn av dem at vi kan f\u00e5 gjennomslag. Jo flere vi er, jo sterkere blir stemmen v\u00e5r. Flere medlemmer gir oss ogs\u00e5 flere midler til \u00e5 gjennomf\u00f8re aktivitet. Det er alts\u00e5 i v\u00e5r beste interesse \u00e5 f\u00e5 med s\u00e5 mange som mulig p\u00e5 kampen for barns rettigheter. Det st\u00e5r ogs\u00e5 i virksomhetsplanen at vi skal ha xx medlemmer innen sommerleir. For \u00e5 kunne oppn\u00e5 dette er det viktig at vi aktivt rekrutterer nye medlemmer til organisasjonen.\u00a0\u00a0<\/span><\/p>\n<p style=\"text-align: center;\"><span style=\"font-weight: 400;\">Verving er alltid noe dere b\u00f8r ha i bakhodet. P\u00e5 alle aktivitetene dere arrangerer i lokallaget, hver gang dere prater med venner om Press og hver gang dere st\u00e5r p\u00e5 stand eller holder foredrag, er det viktig \u00e5 sp\u00f8rre om folk \u00f8nsker \u00e5 bli medlem. Det verste som kan skje er at de sier nei.<\/span><\/p>\n<\/div><div class=\"fusion-section-separator section-separator slant fusion-section-separator-1\"><div class=\"fusion-section-separator-svg\" style=\"padding:0;margin-left: 0px;margin-right: 0px;\"><svg class=\"fusion-slant-candy\" xmlns=\"http:\/\/www.w3.org\/2000\/svg\" version=\"1.1\" width=\"100%\" height=\"100\" viewBox=\"0 0 100 100\" preserveAspectRatio=\"none\" style=\"fill:#f6f6f6;padding:0;\"><path d=\"M0 100 L0 0 L100 0 Z\"><\/path><\/svg><\/div><div class=\"fusion-section-separator-spacer\"><div class=\"fusion-section-separator-spacer-height\" style=\"height:99px;\"><\/div><\/div><\/div><div class=\"fusion-clearfix\"><\/div><\/div><\/div><\/div><\/div><div class=\"fusion-fullwidth fullwidth-box fusion-builder-row-2 fusion-flex-container nonhundred-percent-fullwidth non-hundred-percent-height-scrolling\" style=\"background-color: #ffffff;background-position: center center;background-repeat: no-repeat;border-width: 0px 0px 0px 0px;border-color:#eae9e9;border-style:solid;\" ><div class=\"fusion-builder-row fusion-row fusion-flex-align-items-flex-start\" style=\"max-width:1248px;margin-left: calc(-4% \/ 2 );margin-right: calc(-4% \/ 2 );\"><div class=\"fusion-layout-column fusion_builder_column fusion-builder-column-1 fusion_builder_column_1_4 1_4 fusion-flex-column fusion-flex-align-self-stretch\"><div class=\"fusion-column-wrapper fusion-flex-justify-content-space-evenly fusion-content-layout-column\" style=\"background-position:left top;background-repeat:no-repeat;-webkit-background-size:cover;-moz-background-size:cover;-o-background-size:cover;background-size:cover;padding: 0px 0px 0px 0px;\"><div ><span class=\" fusion-imageframe imageframe-none imageframe-2 hover-type-none\"><img decoding=\"async\" width=\"1920\" image_height=\"1280\" image_id=\"2378\" title=\"_MG_0340\" src=\"https:\/\/press.no\/internside\/wp-content\/uploads\/sites\/6\/2022\/01\/MG_0340.jpg\" data-orig-src=\"https:\/\/press.no\/internside\/wp-content\/uploads\/sites\/6\/2022\/01\/MG_0340.jpg\" class=\"lazyload img-responsive wp-image-2378\" srcset=\"data:image\/svg+xml,%3Csvg%20xmlns%3D%27http%3A%2F%2Fwww.w3.org%2F2000%2Fsvg%27%20width%3D%271920%27%20height%3D%271280%27%20viewBox%3D%270%200%201920%201280%27%3E%3Crect%20width%3D%271920%27%20height%3D%2731280%27%20fill-opacity%3D%220%22%2F%3E%3C%2Fsvg%3E\" data-srcset=\"https:\/\/press.no\/internside\/wp-content\/uploads\/sites\/6\/2022\/01\/MG_0340-200x133.jpg 200w, https:\/\/press.no\/internside\/wp-content\/uploads\/sites\/6\/2022\/01\/MG_0340-400x267.jpg 400w, https:\/\/press.no\/internside\/wp-content\/uploads\/sites\/6\/2022\/01\/MG_0340-600x400.jpg 600w, https:\/\/press.no\/internside\/wp-content\/uploads\/sites\/6\/2022\/01\/MG_0340-800x533.jpg 800w, https:\/\/press.no\/internside\/wp-content\/uploads\/sites\/6\/2022\/01\/MG_0340-1200x800.jpg 1200w, https:\/\/press.no\/internside\/wp-content\/uploads\/sites\/6\/2022\/01\/MG_0340.jpg 1920w\" data-sizes=\"auto\" data-orig-sizes=\"(max-width: 1024px) 100vw, (max-width: 640px) 100vw, 400px\" \/><\/span><\/div><div ><span class=\" fusion-imageframe imageframe-none imageframe-3 hover-type-none\"><img decoding=\"async\" width=\"300\" image_height=\"200\" image_id=\"2380\" title=\"unnamed (30)\" src=\"https:\/\/press.no\/internside\/wp-content\/uploads\/sites\/6\/2022\/01\/unnamed-30.jpg\" data-orig-src=\"https:\/\/press.no\/internside\/wp-content\/uploads\/sites\/6\/2022\/01\/unnamed-30-300x200.jpg\" class=\"lazyload img-responsive wp-image-2380\" srcset=\"data:image\/svg+xml,%3Csvg%20xmlns%3D%27http%3A%2F%2Fwww.w3.org%2F2000%2Fsvg%27%20width%3D%27512%27%20height%3D%27341%27%20viewBox%3D%270%200%20512%20341%27%3E%3Crect%20width%3D%27512%27%20height%3D%273341%27%20fill-opacity%3D%220%22%2F%3E%3C%2Fsvg%3E\" data-srcset=\"https:\/\/press.no\/internside\/wp-content\/uploads\/sites\/6\/2022\/01\/unnamed-30-200x133.jpg 200w, https:\/\/press.no\/internside\/wp-content\/uploads\/sites\/6\/2022\/01\/unnamed-30-400x266.jpg 400w, https:\/\/press.no\/internside\/wp-content\/uploads\/sites\/6\/2022\/01\/unnamed-30.jpg 512w\" data-sizes=\"auto\" data-orig-sizes=\"(max-width: 1024px) 100vw, (max-width: 640px) 100vw, 400px\" \/><\/span><\/div><div ><span class=\" fusion-imageframe imageframe-none imageframe-4 hover-type-none\" style=\"margin-top:15px;\"><img decoding=\"async\" width=\"1920\" image_height=\"1375\" image_id=\"2189\" title=\"DSC_0047\" src=\"https:\/\/press.no\/internside\/wp-content\/uploads\/sites\/6\/2022\/01\/DSC_0047.jpg\" data-orig-src=\"https:\/\/press.no\/internside\/wp-content\/uploads\/sites\/6\/2022\/01\/DSC_0047.jpg\" class=\"lazyload img-responsive wp-image-2189\" srcset=\"data:image\/svg+xml,%3Csvg%20xmlns%3D%27http%3A%2F%2Fwww.w3.org%2F2000%2Fsvg%27%20width%3D%271920%27%20height%3D%271375%27%20viewBox%3D%270%200%201920%201375%27%3E%3Crect%20width%3D%271920%27%20height%3D%2731375%27%20fill-opacity%3D%220%22%2F%3E%3C%2Fsvg%3E\" data-srcset=\"https:\/\/press.no\/internside\/wp-content\/uploads\/sites\/6\/2022\/01\/DSC_0047-200x143.jpg 200w, https:\/\/press.no\/internside\/wp-content\/uploads\/sites\/6\/2022\/01\/DSC_0047-400x286.jpg 400w, https:\/\/press.no\/internside\/wp-content\/uploads\/sites\/6\/2022\/01\/DSC_0047-600x430.jpg 600w, https:\/\/press.no\/internside\/wp-content\/uploads\/sites\/6\/2022\/01\/DSC_0047-800x573.jpg 800w, https:\/\/press.no\/internside\/wp-content\/uploads\/sites\/6\/2022\/01\/DSC_0047-1200x859.jpg 1200w, https:\/\/press.no\/internside\/wp-content\/uploads\/sites\/6\/2022\/01\/DSC_0047.jpg 1920w\" data-sizes=\"auto\" data-orig-sizes=\"(max-width: 1024px) 100vw, (max-width: 640px) 100vw, 400px\" \/><\/span><\/div><div ><span class=\" fusion-imageframe imageframe-none imageframe-5 hover-type-none\"><img decoding=\"async\" width=\"1920\" image_height=\"1280\" image_id=\"2379\" title=\"_MG_0318\" src=\"https:\/\/press.no\/internside\/wp-content\/uploads\/sites\/6\/2022\/01\/MG_0318.jpg\" data-orig-src=\"https:\/\/press.no\/internside\/wp-content\/uploads\/sites\/6\/2022\/01\/MG_0318.jpg\" class=\"lazyload img-responsive wp-image-2379\" srcset=\"data:image\/svg+xml,%3Csvg%20xmlns%3D%27http%3A%2F%2Fwww.w3.org%2F2000%2Fsvg%27%20width%3D%271920%27%20height%3D%271280%27%20viewBox%3D%270%200%201920%201280%27%3E%3Crect%20width%3D%271920%27%20height%3D%2731280%27%20fill-opacity%3D%220%22%2F%3E%3C%2Fsvg%3E\" data-srcset=\"https:\/\/press.no\/internside\/wp-content\/uploads\/sites\/6\/2022\/01\/MG_0318-200x133.jpg 200w, https:\/\/press.no\/internside\/wp-content\/uploads\/sites\/6\/2022\/01\/MG_0318-400x267.jpg 400w, https:\/\/press.no\/internside\/wp-content\/uploads\/sites\/6\/2022\/01\/MG_0318-600x400.jpg 600w, https:\/\/press.no\/internside\/wp-content\/uploads\/sites\/6\/2022\/01\/MG_0318-800x533.jpg 800w, https:\/\/press.no\/internside\/wp-content\/uploads\/sites\/6\/2022\/01\/MG_0318-1200x800.jpg 1200w, https:\/\/press.no\/internside\/wp-content\/uploads\/sites\/6\/2022\/01\/MG_0318.jpg 1920w\" data-sizes=\"auto\" data-orig-sizes=\"(max-width: 1024px) 100vw, (max-width: 640px) 100vw, 400px\" \/><\/span><\/div><\/div><\/div><style type=\"text\/css\">.fusion-body .fusion-builder-column-1{width:25% !important;margin-top : 0px;margin-bottom : 20px;}.fusion-builder-column-1 > .fusion-column-wrapper {padding-top : 0px !important;padding-right : 0px !important;margin-right : 7.68%;padding-bottom : 0px !important;padding-left : 0px !important;margin-left : 7.68%;}@media only screen and (max-width:1024px) {.fusion-body .fusion-builder-column-1{width:100% !important;order : 0;}.fusion-builder-column-1 > .fusion-column-wrapper {margin-right : 1.92%;margin-left : 1.92%;}}@media only screen and (max-width:640px) {.fusion-body .fusion-builder-column-1{width:100% !important;order : 0;}.fusion-builder-column-1 > .fusion-column-wrapper {margin-right : 1.92%;margin-left : 1.92%;}}<\/style><div class=\"fusion-layout-column fusion_builder_column fusion-builder-column-2 fusion_builder_column_3_4 3_4 fusion-flex-column\"><div class=\"fusion-column-wrapper fusion-flex-justify-content-flex-start fusion-content-layout-column\" style=\"background-position:left top;background-repeat:no-repeat;-webkit-background-size:cover;-moz-background-size:cover;-o-background-size:cover;background-size:cover;padding: 0px 0px 0px 0px;\"><div class=\"fusion-text fusion-text-2\"><p><b>Hvordan verver man?<\/b><\/p>\n<p><span style=\"font-weight: 400;\">Det finnes mange m\u00e5ter \u00e5 verve p\u00e5, alle er gode. Man kan sp\u00f8rre folk p\u00e5 gata, p\u00e5 klubben, hjemme, p\u00e5 skolen, p\u00e5 butikken eller ringe rundt til potensielle medlemmer. <\/span><i><span style=\"font-weight: 400;\">Det eneste kravet for \u00e5 bli med i Press er at man er mellom 13 og 25 \u00e5r, og at man betaler medlemskontingenten p\u00e5 50 kr i \u00e5ret.<\/span><\/i><span style=\"font-weight: 400;\"> For mer informasjon p\u00e5 hvordan man melder seg inn, sjekk ut <\/span><a href=\"https:\/\/press.no\/bli-medlem\/\"><span style=\"font-weight: 400;\">press.no\/bli-medlem<\/span><\/a><span style=\"font-weight: 400;\">. Denne siden kan man ogs\u00e5 dele med de som er interesserte i \u00e5 bli medlem.\u00a0<\/span><\/p>\n<p><span style=\"font-weight: 400;\">For Savnet-kampanjen har vi ogs\u00e5 laget en egen side for de som b\u00e5de vil l\u00e6re mer om tematikken og bli medlem. Det er den som linkes til i QR-koden p\u00e5 materiellet dere har blitt tilsendt, men den kan ogs\u00e5 finnes her: <\/span><a href=\"http:\/\/press.no\/savnet-qr\"><span style=\"font-weight: 400;\">press.no\/savnet-qr<\/span><\/a><span style=\"font-weight: 400;\">\u00a0<\/span><\/p>\n<p><span style=\"font-weight: 400;\">Den mest effektive verve-metoden er \u00e5 bruke de kontaktene du har fra f\u00f8r. Prat med venner, klassekamerater og andre dere allerede kjenner. Det er de dere mest sannsynlig klarer \u00e5 overbevise. Hvis dere skal holde foredrag for en annen klasse eller generelt skal m\u00f8te en gruppe folk dere ikke kjenner, inviter dem med p\u00e5 neste lokallagsm\u00f8te, be dem f\u00f8lge Press p\u00e5 sosiale medier, eller sjekke ut <\/span><a href=\"https:\/\/press.no\/savnet\/\"><span style=\"font-weight: 400;\">press.no\/savnet<\/span><\/a><span style=\"font-weight: 400;\"> for mer informasjon om kampanjen.\u00a0<\/span><\/p>\n<p><span style=\"font-weight: 400;\">En vervestrategi som ogs\u00e5 gj\u00f8r at dere m\u00f8ter mange potensielle medlemmer er \u00e5 st\u00e5 p\u00e5 stand. P\u00e5 bunnen av denne siden kan dere finne et dokument som forklarer hvordan dere kan bli stand-proffer, men konseptet er simpelt: st\u00e5 p\u00e5 et sted der mange g\u00e5r forbi, og prat med s\u00e5 mange som mulig. Selv om mange g\u00e5r forbi eller ikke er interessert i \u00e5 engasjere seg videre, m\u00f8ter dere fort p\u00e5 en liten h\u00e5ndfull som vil v\u00e6re med videre. Dette er ogs\u00e5 en enkel og sosial aktivitet som man kan gj\u00f8re som et lokallag eller en liten gjeng Press\u2019ere!<\/span><\/p>\n<p><b>Noen generelle tips:<\/b><\/p>\n<ul>\n<li style=\"font-weight: 400;\" aria-level=\"1\"><span style=\"font-weight: 400;\">Legg til folk som er interessert i Press i lokallags-chatter,\u00a0 \u00abMedlemmer i Press\u00bb p\u00e5 Facebook eller sp\u00f8r om \u00e5 f\u00e5 kontaktinformasjonen deres<\/span><\/li>\n<li style=\"font-weight: 400;\" aria-level=\"1\"><span style=\"font-weight: 400;\">Inviter nye folk til \u00e5 v\u00e6re med p\u00e5 fremtidige aktiviteter, enten det er med lokallaget eller nasjonale- og regionale arrangementer. I l\u00f8pet av dette halv\u00e5ret skal vi bl.a. arrangere ferskisseminar, landsm\u00f8te og sommerleir!\u00a0<\/span><\/li>\n<li style=\"font-weight: 400;\" aria-level=\"1\"><span style=\"font-weight: 400;\">Fortell alle hvor kult det er \u00e5 v\u00e6re med i Press og hvorfor du selv er med \u2013 engasjement smitter!<\/span><\/li>\n<\/ul>\n<p><span style=\"font-weight: 400;\">Hvis du eller lokallaget ditt har f\u00e5tt noen nye interesserte i Press, b\u00f8r dere pr\u00f8ve \u00e5 gi disse menneskene et \u201cneste steg\u201d i Press-reisen. Enten kan dere pr\u00f8ve \u00e5 m\u00f8tes i n\u00e6romr\u00e5det. Hvis dere er et lokallag er dette en super mulighet til \u00e5 la de nye medlemmene v\u00e6re med \u00e5 p\u00e5virke hva som skjer fremover.\u00a0<\/span><\/p>\n<p><span style=\"font-weight: 400;\">Hvis du er et direktemedlem, s\u00e5 kan dere kanskje se p\u00e5 muligheten for \u00e5 bli et lokallag? Dere kan ogs\u00e5 planlegge \u00e5 m\u00f8tes flere ganger for \u00e5 diskutere ting som er relevante i Press eller bli enige om \u00e5 dra p\u00e5 det neste seminaret som en gruppe! Hvis du eller dere er usikre p\u00e5 hvordan dere skal engasjere de som er interessert i Savnet-kampanjen og Press videre, ta kontakt med deres landsstyrerepresentanter (<\/span><a href=\"https:\/\/press.no\/internside\/kontakt\/#1\"><span style=\"font-weight: 400;\">press.no\/internside\/kontakt<\/span><\/a><span style=\"font-weight: 400;\">) eller v\u00e5rkampanje-gruppen (Iben, Marius og Isaac)<\/span><\/p>\n<\/div><\/div><\/div><style type=\"text\/css\">.fusion-body .fusion-builder-column-2{width:75% !important;margin-top : 0px;margin-bottom : 20px;}.fusion-builder-column-2 > .fusion-column-wrapper {padding-top : 0px !important;padding-right : 0px !important;margin-right : 2.56%;padding-bottom : 0px !important;padding-left : 0px !important;margin-left : 2.56%;}@media only screen and (max-width:1024px) {.fusion-body .fusion-builder-column-2{width:100% !important;order : 0;}.fusion-builder-column-2 > .fusion-column-wrapper {margin-right : 1.92%;margin-left : 1.92%;}}@media only screen and (max-width:640px) {.fusion-body .fusion-builder-column-2{width:100% !important;order : 0;}.fusion-builder-column-2 > .fusion-column-wrapper {margin-right : 1.92%;margin-left : 1.92%;}}<\/style><\/div><style type=\"text\/css\">.fusion-body .fusion-flex-container.fusion-builder-row-2{ padding-top : 0px;margin-top : 0px;padding-right : 0px;padding-bottom : 0px;margin-bottom : 0px;padding-left : 0px;}<\/style><\/div><\/p>\n","protected":false},"excerpt":{"rendered":"","protected":false},"author":16,"featured_media":0,"parent":2094,"menu_order":0,"comment_status":"closed","ping_status":"closed","template":"","meta":{"footnotes":""},"acf":[],"_links":{"self":[{"href":"https:\/\/press.no\/internside\/wp-json\/wp\/v2\/pages\/2351"}],"collection":[{"href":"https:\/\/press.no\/internside\/wp-json\/wp\/v2\/pages"}],"about":[{"href":"https:\/\/press.no\/internside\/wp-json\/wp\/v2\/types\/page"}],"author":[{"embeddable":true,"href":"https:\/\/press.no\/internside\/wp-json\/wp\/v2\/users\/16"}],"replies":[{"embeddable":true,"href":"https:\/\/press.no\/internside\/wp-json\/wp\/v2\/comments?post=2351"}],"version-history":[{"count":18,"href":"https:\/\/press.no\/internside\/wp-json\/wp\/v2\/pages\/2351\/revisions"}],"predecessor-version":[{"id":3046,"href":"https:\/\/press.no\/internside\/wp-json\/wp\/v2\/pages\/2351\/revisions\/3046"}],"up":[{"embeddable":true,"href":"https:\/\/press.no\/internside\/wp-json\/wp\/v2\/pages\/2094"}],"wp:attachment":[{"href":"https:\/\/press.no\/internside\/wp-json\/wp\/v2\/media?parent=2351"}],"curies":[{"name":"wp","href":"https:\/\/api.w.org\/{rel}","templated":true}]}}