{"id":1447,"date":"2020-12-03T10:56:42","date_gmt":"2020-12-03T09:56:42","guid":{"rendered":"https:\/\/press.no\/internside\/?page_id=1447"},"modified":"2023-07-04T10:35:56","modified_gmt":"2023-07-04T08:35:56","slug":"skolering-og-foredrag","status":"publish","type":"page","link":"https:\/\/press.no\/internside\/hjelp-til-lokallagsdrift\/skolering-og-foredrag\/","title":{"rendered":"Skolering og foredrag"},"content":{"rendered":"<p><div class=\"fusion-fullwidth fullwidth-box fusion-builder-row-1 fusion-flex-container nonhundred-percent-fullwidth non-hundred-percent-height-scrolling\" style=\"background-color: #ffffff;background-position: center center;background-repeat: no-repeat;border-width: 0px 0px 0px 0px;border-color:#eae9e9;border-style:solid;\" ><div class=\"fusion-builder-row fusion-row fusion-flex-align-items-flex-start\" style=\"max-width:1248px;margin-left: calc(-4% \/ 2 );margin-right: calc(-4% \/ 2 );\"><div class=\"fusion-layout-column fusion_builder_column fusion-builder-column-0 fusion_builder_column_1_1 1_1 fusion-flex-column\"><div class=\"fusion-column-wrapper fusion-flex-justify-content-flex-start fusion-content-layout-column\" style=\"background-position:left top;background-repeat:no-repeat;-webkit-background-size:cover;-moz-background-size:cover;-o-background-size:cover;background-size:cover;padding: 0px 0px 0px 0px;\"><div class=\"fusion-separator fusion-full-width-sep\" style=\"align-self: center;margin-left: auto;margin-right: auto;width:100%;\"><\/div><div style=\"text-align:center;\"><span class=\" fusion-imageframe imageframe-none imageframe-1 hover-type-none\" style=\"margin-bottom:20px;\"><img decoding=\"async\" width=\"5184\" image_height=\"1272\" image_id=\"1477\" title=\"skolering og foredrag\" src=\"https:\/\/press.no\/internside\/wp-content\/uploads\/sites\/6\/2020\/12\/skolering-og-foredrag-1.png\" data-orig-src=\"https:\/\/press.no\/internside\/wp-content\/uploads\/sites\/6\/2020\/12\/skolering-og-foredrag-1.png\" class=\"lazyload img-responsive wp-image-1477\" srcset=\"data:image\/svg+xml,%3Csvg%20xmlns%3D%27http%3A%2F%2Fwww.w3.org%2F2000%2Fsvg%27%20width%3D%275184%27%20height%3D%271272%27%20viewBox%3D%270%200%205184%201272%27%3E%3Crect%20width%3D%275184%27%20height%3D%2731272%27%20fill-opacity%3D%220%22%2F%3E%3C%2Fsvg%3E\" data-srcset=\"https:\/\/press.no\/internside\/wp-content\/uploads\/sites\/6\/2020\/12\/skolering-og-foredrag-1-200x49.png 200w, https:\/\/press.no\/internside\/wp-content\/uploads\/sites\/6\/2020\/12\/skolering-og-foredrag-1-400x98.png 400w, https:\/\/press.no\/internside\/wp-content\/uploads\/sites\/6\/2020\/12\/skolering-og-foredrag-1-600x147.png 600w, https:\/\/press.no\/internside\/wp-content\/uploads\/sites\/6\/2020\/12\/skolering-og-foredrag-1-800x196.png 800w, https:\/\/press.no\/internside\/wp-content\/uploads\/sites\/6\/2020\/12\/skolering-og-foredrag-1-1200x294.png 1200w, https:\/\/press.no\/internside\/wp-content\/uploads\/sites\/6\/2020\/12\/skolering-og-foredrag-1.png 5184w\" data-sizes=\"auto\" data-orig-sizes=\"(max-width: 1024px) 100vw, (max-width: 640px) 100vw, 5184px\" \/><\/span><\/div><style type=\"text\/css\">@media only screen and (max-width:1024px) {.fusion-title.fusion-title-1{margin-top:0px!important;margin-bottom:31px!important;}}<\/style><div class=\"fusion-title title fusion-title-1 fusion-sep-none fusion-title-center fusion-title-text fusion-title-size-two\" style=\"margin-top:0px;margin-bottom:31px;\"><h2 class=\"title-heading-center\" style=\"margin:0;\">Skolering og foredrag<\/h2><\/div><div class=\"fusion-text fusion-text-1\"><p style=\"text-align: center;\">I Press tilbyr vi skoleringer p\u00e5 alle nasjonale samling, som sommerleir eller h\u00f8stseminar. Utover dette har vi ogs\u00e5 andre skoleringer som vi tilbyr, blant annet politiske skoleringer gjennom Pressakademiet, organisatoriske skoleringer for lokallag eller kampanjeforedrag for et dypdykk i det kampanjetemaet. Under finner du tilgjengelige foredrag du kan holde selv eller bestille fra sentralleddet.<\/p>\n<\/div><\/div><\/div><style type=\"text\/css\">.fusion-body .fusion-builder-column-0{width:100% !important;margin-top : 0px;margin-bottom : 20px;}.fusion-builder-column-0 > .fusion-column-wrapper {padding-top : 0px !important;padding-right : 0px !important;margin-right : 1.92%;padding-bottom : 0px !important;padding-left : 0px !important;margin-left : 1.92%;}@media only screen and (max-width:1024px) {.fusion-body .fusion-builder-column-0{width:100% !important;order : 0;}.fusion-builder-column-0 > .fusion-column-wrapper {margin-right : 1.92%;margin-left : 1.92%;}}@media only screen and (max-width:640px) {.fusion-body .fusion-builder-column-0{width:100% !important;order : 0;}.fusion-builder-column-0 > .fusion-column-wrapper {margin-right : 1.92%;margin-left : 1.92%;}}<\/style><\/div><style type=\"text\/css\">.fusion-body .fusion-flex-container.fusion-builder-row-1{ padding-top : 0px;margin-top : 0px;padding-right : 0px;padding-bottom : 0px;margin-bottom : 0px;padding-left : 0px;}<\/style><\/div><div class=\"fusion-fullwidth fullwidth-box fusion-builder-row-2 fusion-flex-container nonhundred-percent-fullwidth non-hundred-percent-height-scrolling\" style=\"background-color: #ffffff;background-position: center center;background-repeat: no-repeat;border-width: 0px 0px 0px 0px;border-color:#eae9e9;border-style:solid;\" ><div class=\"fusion-builder-row fusion-row fusion-flex-align-items-flex-start\" style=\"max-width:1248px;margin-left: calc(-4% \/ 2 );margin-right: calc(-4% \/ 2 );\"><div class=\"fusion-layout-column fusion_builder_column fusion-builder-column-1 fusion_builder_column_1_1 1_1 fusion-flex-column\"><div class=\"fusion-column-wrapper fusion-flex-justify-content-flex-start fusion-content-layout-column\" style=\"background-position:left top;background-repeat:no-repeat;-webkit-background-size:cover;-moz-background-size:cover;-o-background-size:cover;background-size:cover;padding: 0px 0px 0px 0px;\"><style type=\"text\/css\">@media only screen and (max-width:1024px) {.fusion-title.fusion-title-2{margin-top:0px!important;margin-bottom:31px!important;}}<\/style><div class=\"fusion-title title fusion-title-2 fusion-title-center fusion-title-text fusion-title-size-three\" style=\"margin-top:0px;margin-bottom:31px;\"><div class=\"title-sep-container title-sep-container-left\"><div class=\"title-sep sep-single sep-solid\" style=\"border-color:#e0dede;\"><\/div><\/div><h3 class=\"title-heading-center\" style=\"margin:0;\">Bestill skolering<\/h3><div class=\"title-sep-container title-sep-container-right\"><div class=\"title-sep sep-single sep-solid\" style=\"border-color:#e0dede;\"><\/div><\/div><\/div><div class=\"fusion-text fusion-text-2\"><p style=\"text-align: center;\">Vi har ingen planlagte skoleringer i Press, men du kan allikevel bestille en skolering til ditt lokallag hvis du \u00f8nsker det! Vi kan holde skoleringer om det meste s\u00e5 det er bare \u00e5 ta kontakt.<\/p>\n<p style=\"text-align: center;\">Skjema for bestilling finner du <a href=\"https:\/\/forms.gle\/uoh4vK7FPpMXCoc36\">her<\/a>!<\/p>\n<\/div><\/div><\/div><style type=\"text\/css\">.fusion-body .fusion-builder-column-1{width:100% !important;margin-top : 0px;margin-bottom : 20px;}.fusion-builder-column-1 > .fusion-column-wrapper {padding-top : 0px !important;padding-right : 0px !important;margin-right : 1.92%;padding-bottom : 0px !important;padding-left : 0px !important;margin-left : 1.92%;}@media only screen and (max-width:1024px) {.fusion-body .fusion-builder-column-1{width:100% !important;order : 0;}.fusion-builder-column-1 > .fusion-column-wrapper {margin-right : 1.92%;margin-left : 1.92%;}}@media only screen and (max-width:640px) {.fusion-body .fusion-builder-column-1{width:100% !important;order : 0;}.fusion-builder-column-1 > .fusion-column-wrapper {margin-right : 1.92%;margin-left : 1.92%;}}<\/style><div class=\"fusion-layout-column fusion_builder_column fusion-builder-column-2 fusion_builder_column_1_1 1_1 fusion-flex-column\"><div class=\"fusion-column-wrapper fusion-flex-justify-content-flex-start fusion-content-layout-column\" style=\"background-position:left top;background-repeat:no-repeat;-webkit-background-size:cover;-moz-background-size:cover;-o-background-size:cover;background-size:cover;padding: 0px 0px 0px 0px;\"><style type=\"text\/css\">@media only screen and (max-width:1024px) {.fusion-title.fusion-title-3{margin-top:0px!important;margin-bottom:31px!important;}}<\/style><div class=\"fusion-title title fusion-title-3 fusion-title-center fusion-title-text fusion-title-size-three\" style=\"margin-top:0px;margin-bottom:31px;\"><div class=\"title-sep-container title-sep-container-left\"><div class=\"title-sep sep-single sep-solid\" style=\"border-color:#e0dede;\"><\/div><\/div><h3 class=\"title-heading-center\" style=\"margin:0;\">Press sine grunnskoleringer<\/h3><div class=\"title-sep-container title-sep-container-right\"><div class=\"title-sep sep-single sep-solid\" style=\"border-color:#e0dede;\"><\/div><\/div><\/div><iframe loading=\"lazy\" src=\"https:\/\/drive.google.com\/embeddedfolderview?id=1ftgaj2QKA1gkH2n8KyDm9Z7OBeNhH5Yq#grid\" frameborder=\"0\" width=\"100%\" height=\"500px\" scrolling=\"auto\"> <\/iframe><\/div><\/div><style type=\"text\/css\">.fusion-body .fusion-builder-column-2{width:100% !important;margin-top : 0px;margin-bottom : 20px;}.fusion-builder-column-2 > .fusion-column-wrapper {padding-top : 0px !important;padding-right : 0px !important;margin-right : 1.92%;padding-bottom : 0px !important;padding-left : 0px !important;margin-left : 1.92%;}@media only screen and (max-width:1024px) {.fusion-body .fusion-builder-column-2{width:100% !important;order : 0;}.fusion-builder-column-2 > .fusion-column-wrapper {margin-right : 1.92%;margin-left : 1.92%;}}@media only screen and (max-width:640px) {.fusion-body .fusion-builder-column-2{width:100% !important;order : 0;}.fusion-builder-column-2 > .fusion-column-wrapper {margin-right : 1.92%;margin-left : 1.92%;}}<\/style><\/div><style type=\"text\/css\">.fusion-body .fusion-flex-container.fusion-builder-row-2{ padding-top : 0px;margin-top : 0px;padding-right : 0px;padding-bottom : 0px;margin-bottom : 0px;padding-left : 0px;}<\/style><\/div><\/p>\n","protected":false},"excerpt":{"rendered":"","protected":false},"author":16,"featured_media":0,"parent":142,"menu_order":0,"comment_status":"closed","ping_status":"closed","template":"","meta":{"footnotes":""},"acf":[],"_links":{"self":[{"href":"https:\/\/press.no\/internside\/wp-json\/wp\/v2\/pages\/1447"}],"collection":[{"href":"https:\/\/press.no\/internside\/wp-json\/wp\/v2\/pages"}],"about":[{"href":"https:\/\/press.no\/internside\/wp-json\/wp\/v2\/types\/page"}],"author":[{"embeddable":true,"href":"https:\/\/press.no\/internside\/wp-json\/wp\/v2\/users\/16"}],"replies":[{"embeddable":true,"href":"https:\/\/press.no\/internside\/wp-json\/wp\/v2\/comments?post=1447"}],"version-history":[{"count":48,"href":"https:\/\/press.no\/internside\/wp-json\/wp\/v2\/pages\/1447\/revisions"}],"predecessor-version":[{"id":3264,"href":"https:\/\/press.no\/internside\/wp-json\/wp\/v2\/pages\/1447\/revisions\/3264"}],"up":[{"embeddable":true,"href":"https:\/\/press.no\/internside\/wp-json\/wp\/v2\/pages\/142"}],"wp:attachment":[{"href":"https:\/\/press.no\/internside\/wp-json\/wp\/v2\/media?parent=1447"}],"curies":[{"name":"wp","href":"https:\/\/api.w.org\/{rel}","templated":true}]}}